{"id":10,"date":"2021-04-11T14:48:31","date_gmt":"2021-04-11T12:48:31","guid":{"rendered":"https:\/\/lamarieemaline.fr\/2021\/panier\/"},"modified":"2021-04-11T14:48:31","modified_gmt":"2021-04-11T12:48:31","slug":"panier","status":"publish","type":"page","link":"https:\/\/lamarieemaline.fr\/2021\/panier\/","title":{"rendered":"Panier"},"content":{"rendered":"\n","protected":false},"excerpt":{"rendered":"","protected":false},"author":1,"featured_media":0,"parent":0,"menu_order":0,"comment_status":"closed","ping_status":"closed","template":"","meta":{"_et_pb_use_builder":"","_et_pb_old_content":"","_et_gb_content_width":"","footnotes":""},"class_list":["post-10","page","type-page","status-publish","hentry"],"yoast_head":"<!-- This site is optimized with the Yoast SEO plugin v27.4 - https:\/\/yoast.com\/product\/yoast-seo-wordpress\/ -->\n<title>Panier - La Mari\u00e9e Maline : d\u00e9p\u00f4t, vente de robes de mari\u00e9es<\/title>\n<meta name=\"robots\" content=\"index, follow, max-snippet:-1, max-image-preview:large, max-video-preview:-1\" \/>\n<link rel=\"canonical\" href=\"https:\/\/lamarieemaline.fr\/2021\/panier\/\" \/>\n<meta property=\"og:locale\" content=\"fr_FR\" \/>\n<meta property=\"og:type\" content=\"article\" \/>\n<meta property=\"og:title\" content=\"Panier - La Mari\u00e9e Maline : d\u00e9p\u00f4t, vente de robes de mari\u00e9es\" \/>\n<meta property=\"og:url\" content=\"https:\/\/lamarieemaline.fr\/2021\/panier\/\" \/>\n<meta property=\"og:site_name\" content=\"La Mari\u00e9e Maline : d\u00e9p\u00f4t, vente de robes de mari\u00e9es\" \/>\n<meta property=\"article:publisher\" content=\"https:\/\/www.facebook.com\/profile.php?id=100006076396098&amp;locale=fr_FR\" \/>\n<meta name=\"twitter:card\" content=\"summary_large_image\" \/>\n<script type=\"application\/ld+json\" class=\"yoast-schema-graph\">{\"@context\":\"https:\\\/\\\/schema.org\",\"@graph\":[{\"@type\":\"WebPage\",\"@id\":\"https:\\\/\\\/lamarieemaline.fr\\\/2021\\\/panier\\\/\",\"url\":\"https:\\\/\\\/lamarieemaline.fr\\\/2021\\\/panier\\\/\",\"name\":\"Panier - La Mari\u00e9e Maline : d\u00e9p\u00f4t, vente de robes de mari\u00e9es\",\"isPartOf\":{\"@id\":\"https:\\\/\\\/lamarieemaline.fr\\\/2021\\\/#website\"},\"datePublished\":\"2021-04-11T12:48:31+00:00\",\"breadcrumb\":{\"@id\":\"https:\\\/\\\/lamarieemaline.fr\\\/2021\\\/panier\\\/#breadcrumb\"},\"inLanguage\":\"fr-FR\",\"potentialAction\":[{\"@type\":\"ReadAction\",\"target\":[\"https:\\\/\\\/lamarieemaline.fr\\\/2021\\\/panier\\\/\"]}]},{\"@type\":\"BreadcrumbList\",\"@id\":\"https:\\\/\\\/lamarieemaline.fr\\\/2021\\\/panier\\\/#breadcrumb\",\"itemListElement\":[{\"@type\":\"ListItem\",\"position\":1,\"name\":\"Accueil\",\"item\":\"https:\\\/\\\/lamarieemaline.fr\\\/2021\\\/\"},{\"@type\":\"ListItem\",\"position\":2,\"name\":\"Panier\"}]},{\"@type\":\"WebSite\",\"@id\":\"https:\\\/\\\/lamarieemaline.fr\\\/2021\\\/#website\",\"url\":\"https:\\\/\\\/lamarieemaline.fr\\\/2021\\\/\",\"name\":\"La Mari\u00e9e Maline : d\u00e9p\u00f4t, vente de robes de mari\u00e9es - Seconde main, destockage\",\"description\":\"\",\"publisher\":{\"@id\":\"https:\\\/\\\/lamarieemaline.fr\\\/2021\\\/#organization\"},\"potentialAction\":[{\"@type\":\"SearchAction\",\"target\":{\"@type\":\"EntryPoint\",\"urlTemplate\":\"https:\\\/\\\/lamarieemaline.fr\\\/2021\\\/?s={search_term_string}\"},\"query-input\":{\"@type\":\"PropertyValueSpecification\",\"valueRequired\":true,\"valueName\":\"search_term_string\"}}],\"inLanguage\":\"fr-FR\"},{\"@type\":\"Organization\",\"@id\":\"https:\\\/\\\/lamarieemaline.fr\\\/2021\\\/#organization\",\"name\":\"La Mari\u00e9e Maline : d\u00e9p\u00f4t, vente de robes de mari\u00e9es - Seconde main, destockage\",\"url\":\"https:\\\/\\\/lamarieemaline.fr\\\/2021\\\/\",\"logo\":{\"@type\":\"ImageObject\",\"inLanguage\":\"fr-FR\",\"@id\":\"https:\\\/\\\/lamarieemaline.fr\\\/2021\\\/#\\\/schema\\\/logo\\\/image\\\/\",\"url\":\"https:\\\/\\\/lamarieemaline.fr\\\/2021\\\/wp-content\\\/uploads\\\/2021\\\/04\\\/logo-lmm.png\",\"contentUrl\":\"https:\\\/\\\/lamarieemaline.fr\\\/2021\\\/wp-content\\\/uploads\\\/2021\\\/04\\\/logo-lmm.png\",\"width\":3240,\"height\":2018,\"caption\":\"La Mari\u00e9e Maline : d\u00e9p\u00f4t, vente de robes de mari\u00e9es - Seconde main, destockage\"},\"image\":{\"@id\":\"https:\\\/\\\/lamarieemaline.fr\\\/2021\\\/#\\\/schema\\\/logo\\\/image\\\/\"},\"sameAs\":[\"https:\\\/\\\/www.facebook.com\\\/profile.php?id=100006076396098&locale=fr_FR\",\"https:\\\/\\\/www.instagram.com\\\/lamarieemaline\\\/\"]}]}<\/script>\n<!-- \/ Yoast SEO plugin. -->","yoast_head_json":{"title":"Panier - La Mari\u00e9e Maline : d\u00e9p\u00f4t, vente de robes de mari\u00e9es","robots":{"index":"index","follow":"follow","max-snippet":"max-snippet:-1","max-image-preview":"max-image-preview:large","max-video-preview":"max-video-preview:-1"},"canonical":"https:\/\/lamarieemaline.fr\/2021\/panier\/","og_locale":"fr_FR","og_type":"article","og_title":"Panier - La Mari\u00e9e Maline : d\u00e9p\u00f4t, vente de robes de mari\u00e9es","og_url":"https:\/\/lamarieemaline.fr\/2021\/panier\/","og_site_name":"La Mari\u00e9e Maline : d\u00e9p\u00f4t, vente de robes de mari\u00e9es","article_publisher":"https:\/\/www.facebook.com\/profile.php?id=100006076396098&locale=fr_FR","twitter_card":"summary_large_image","schema":{"@context":"https:\/\/schema.org","@graph":[{"@type":"WebPage","@id":"https:\/\/lamarieemaline.fr\/2021\/panier\/","url":"https:\/\/lamarieemaline.fr\/2021\/panier\/","name":"Panier - La Mari\u00e9e Maline : d\u00e9p\u00f4t, vente de robes de mari\u00e9es","isPartOf":{"@id":"https:\/\/lamarieemaline.fr\/2021\/#website"},"datePublished":"2021-04-11T12:48:31+00:00","breadcrumb":{"@id":"https:\/\/lamarieemaline.fr\/2021\/panier\/#breadcrumb"},"inLanguage":"fr-FR","potentialAction":[{"@type":"ReadAction","target":["https:\/\/lamarieemaline.fr\/2021\/panier\/"]}]},{"@type":"BreadcrumbList","@id":"https:\/\/lamarieemaline.fr\/2021\/panier\/#breadcrumb","itemListElement":[{"@type":"ListItem","position":1,"name":"Accueil","item":"https:\/\/lamarieemaline.fr\/2021\/"},{"@type":"ListItem","position":2,"name":"Panier"}]},{"@type":"WebSite","@id":"https:\/\/lamarieemaline.fr\/2021\/#website","url":"https:\/\/lamarieemaline.fr\/2021\/","name":"La Mari\u00e9e Maline : d\u00e9p\u00f4t, vente de robes de mari\u00e9es - Seconde main, destockage","description":"","publisher":{"@id":"https:\/\/lamarieemaline.fr\/2021\/#organization"},"potentialAction":[{"@type":"SearchAction","target":{"@type":"EntryPoint","urlTemplate":"https:\/\/lamarieemaline.fr\/2021\/?s={search_term_string}"},"query-input":{"@type":"PropertyValueSpecification","valueRequired":true,"valueName":"search_term_string"}}],"inLanguage":"fr-FR"},{"@type":"Organization","@id":"https:\/\/lamarieemaline.fr\/2021\/#organization","name":"La Mari\u00e9e Maline : d\u00e9p\u00f4t, vente de robes de mari\u00e9es - Seconde main, destockage","url":"https:\/\/lamarieemaline.fr\/2021\/","logo":{"@type":"ImageObject","inLanguage":"fr-FR","@id":"https:\/\/lamarieemaline.fr\/2021\/#\/schema\/logo\/image\/","url":"https:\/\/lamarieemaline.fr\/2021\/wp-content\/uploads\/2021\/04\/logo-lmm.png","contentUrl":"https:\/\/lamarieemaline.fr\/2021\/wp-content\/uploads\/2021\/04\/logo-lmm.png","width":3240,"height":2018,"caption":"La Mari\u00e9e Maline : d\u00e9p\u00f4t, vente de robes de mari\u00e9es - Seconde main, destockage"},"image":{"@id":"https:\/\/lamarieemaline.fr\/2021\/#\/schema\/logo\/image\/"},"sameAs":["https:\/\/www.facebook.com\/profile.php?id=100006076396098&locale=fr_FR","https:\/\/www.instagram.com\/lamarieemaline\/"]}]}},"jetpack_sharing_enabled":true,"_links":{"self":[{"href":"https:\/\/lamarieemaline.fr\/2021\/wp-json\/wp\/v2\/pages\/10","targetHints":{"allow":["GET"]}}],"collection":[{"href":"https:\/\/lamarieemaline.fr\/2021\/wp-json\/wp\/v2\/pages"}],"about":[{"href":"https:\/\/lamarieemaline.fr\/2021\/wp-json\/wp\/v2\/types\/page"}],"author":[{"embeddable":true,"href":"https:\/\/lamarieemaline.fr\/2021\/wp-json\/wp\/v2\/users\/1"}],"replies":[{"embeddable":true,"href":"https:\/\/lamarieemaline.fr\/2021\/wp-json\/wp\/v2\/comments?post=10"}],"version-history":[{"count":0,"href":"https:\/\/lamarieemaline.fr\/2021\/wp-json\/wp\/v2\/pages\/10\/revisions"}],"wp:attachment":[{"href":"https:\/\/lamarieemaline.fr\/2021\/wp-json\/wp\/v2\/media?parent=10"}],"curies":[{"name":"wp","href":"https:\/\/api.w.org\/{rel}","templated":true}]}}