{"id":32,"date":"2021-04-11T15:50:11","date_gmt":"2021-04-11T13:50:11","guid":{"rendered":"https:\/\/lamarieemaline.fr\/2021\/?page_id=32"},"modified":"2021-04-21T15:36:20","modified_gmt":"2021-04-21T13:36:20","slug":"deposer-une-robe","status":"publish","type":"page","link":"https:\/\/lamarieemaline.fr\/2021\/deposer-une-robe\/","title":{"rendered":"D\u00e9poser une robe"},"content":{"rendered":"<p>[et_pb_section fb_built=\u00a0\u00bb1&Prime; fullwidth=\u00a0\u00bbon\u00a0\u00bb admin_label=\u00a0\u00bbHeader\u00a0\u00bb _builder_version=\u00a0\u00bb3.22&Prime; custom_padding=\u00a0\u00bb0px|0|0px|0px|false|false\u00a0\u00bb top_divider_style=\u00a0\u00bbarrow3&Prime; top_divider_color=\u00a0\u00bbrgba(255,255,255,0.3)\u00a0\u00bb top_divider_height=\u00a0\u00bb100%\u00a0\u00bb top_divider_repeat=\u00a0\u00bb2x\u00a0\u00bb bottom_divider_color=\u00a0\u00bbrgba(255,255,255,0.33)\u00a0\u00bb bottom_divider_height=\u00a0\u00bb500px\u00a0\u00bb][et_pb_fullwidth_header title=\u00a0\u00bbD\u00e9poser une robe\u00a0\u00bb subhead=\u00a0\u00bbla mariee maline vous accompagne \u00a0\u00bb text_orientation=\u00a0\u00bbcenter\u00a0\u00bb content_max_width=\u00a0\u00bb70%\u00a0\u00bb content_max_width_tablet=\u00a0\u00bb100%\u00a0\u00bb content_max_width_phone=\u00a0\u00bb\u00a0\u00bb content_max_width_last_edited=\u00a0\u00bbon|phone\u00a0\u00bb _builder_version=\u00a0\u00bb4.9.3&Prime; title_font=\u00a0\u00bbCormorant Garamond|500|||||||\u00a0\u00bb title_font_size=\u00a0\u00bb5vw\u00a0\u00bb title_line_height=\u00a0\u00bb1.5em\u00a0\u00bb content_font=\u00a0\u00bb||||||||\u00a0\u00bb subhead_font=\u00a0\u00bbPoppins|700||on|||||\u00a0\u00bb subhead_font_size=\u00a0\u00bb16px\u00a0\u00bb subhead_letter_spacing=\u00a0\u00bb15px\u00a0\u00bb subhead_line_height=\u00a0\u00bb2em\u00a0\u00bb background_color=\u00a0\u00bbrgba(255,255,255,0)\u00a0\u00bb background_image=\u00a0\u00bbhttps:\/\/lamarieemaline.fr\/2021\/wp-content\/uploads\/2021\/04\/IMG_0540-scaled.jpg\u00a0\u00bb parallax=\u00a0\u00bbon\u00a0\u00bb parallax_method=\u00a0\u00bbon\u00a0\u00bb custom_button_one=\u00a0\u00bbon\u00a0\u00bb button_one_text_size=\u00a0\u00bb14px\u00a0\u00bb button_one_text_color=\u00a0\u00bb#000000&Prime; button_one_bg_color=\u00a0\u00bb#ffffff\u00a0\u00bb button_one_border_width=\u00a0\u00bb14px\u00a0\u00bb button_one_border_color=\u00a0\u00bb#ffffff\u00a0\u00bb button_one_border_radius=\u00a0\u00bb0px\u00a0\u00bb button_one_letter_spacing=\u00a0\u00bb4px\u00a0\u00bb button_one_font=\u00a0\u00bbPoppins|500||on|||||\u00a0\u00bb background_layout=\u00a0\u00bblight\u00a0\u00bb custom_margin=\u00a0\u00bb||||false\u00a0\u00bb custom_padding=\u00a0\u00bb10vw||10vw||true\u00a0\u00bb hover_enabled=\u00a0\u00bb0&Prime; title_font_size_tablet=\u00a0\u00bb40px\u00a0\u00bb title_font_size_phone=\u00a0\u00bb\u00a0\u00bb title_font_size_last_edited=\u00a0\u00bbon|desktop\u00a0\u00bb subhead_font_size_tablet=\u00a0\u00bb40px\u00a0\u00bb subhead_font_size_last_edited=\u00a0\u00bboff|desktop\u00a0\u00bb subhead_letter_spacing_tablet=\u00a0\u00bb\u00a0\u00bb subhead_letter_spacing_phone=\u00a0\u00bb0px\u00a0\u00bb subhead_letter_spacing_last_edited=\u00a0\u00bbon|phone\u00a0\u00bb button_one_border_color_hover=\u00a0\u00bb#ecd5c5&Prime; button_one_border_radius_hover=\u00a0\u00bb0px\u00a0\u00bb button_one_letter_spacing_hover=\u00a0\u00bb4px\u00a0\u00bb button_one_bg_color_hover=\u00a0\u00bb#ecd5c5&Prime; button_one_text_size__hover_enabled=\u00a0\u00bboff\u00a0\u00bb button_two_text_size__hover_enabled=\u00a0\u00bboff\u00a0\u00bb button_one_text_color__hover_enabled=\u00a0\u00bboff\u00a0\u00bb button_two_text_color__hover_enabled=\u00a0\u00bboff\u00a0\u00bb button_one_border_width__hover_enabled=\u00a0\u00bboff\u00a0\u00bb button_two_border_width__hover_enabled=\u00a0\u00bboff\u00a0\u00bb button_one_border_color__hover_enabled=\u00a0\u00bbon\u00a0\u00bb button_one_border_color__hover=\u00a0\u00bb#ecd5c5&Prime; button_two_border_color__hover_enabled=\u00a0\u00bboff\u00a0\u00bb button_one_border_radius__hover_enabled=\u00a0\u00bbon\u00a0\u00bb button_one_border_radius__hover=\u00a0\u00bb0px\u00a0\u00bb button_two_border_radius__hover_enabled=\u00a0\u00bboff\u00a0\u00bb button_one_letter_spacing__hover_enabled=\u00a0\u00bbon\u00a0\u00bb button_one_letter_spacing__hover=\u00a0\u00bb4px\u00a0\u00bb button_two_letter_spacing__hover_enabled=\u00a0\u00bboff\u00a0\u00bb button_one_bg_color__hover_enabled=\u00a0\u00bbon\u00a0\u00bb button_one_bg_color__hover=\u00a0\u00bb#ecd5c5&Prime; button_two_bg_color__hover_enabled=\u00a0\u00bboff\u00a0\u00bb title_text=\u00a0\u00bbIMG_0540&Prime; sticky_enabled=\u00a0\u00bb0&Prime;][\/et_pb_fullwidth_header][\/et_pb_section][et_pb_section fb_built=\u00a0\u00bb1&Prime; _builder_version=\u00a0\u00bb3.22&Prime;][et_pb_row _builder_version=\u00a0\u00bb3.25&Prime; locked=\u00a0\u00bboff\u00a0\u00bb][et_pb_column type=\u00a0\u00bb4_4&Prime; _builder_version=\u00a0\u00bb3.25&Prime; custom_padding=\u00a0\u00bb|||\u00a0\u00bb custom_padding__hover=\u00a0\u00bb|||\u00a0\u00bb][et_pb_text admin_label=\u00a0\u00bbSubheading\u00a0\u00bb _builder_version=\u00a0\u00bb4.9.3&Prime; text_font=\u00a0\u00bbCormorant Garamond||||||||\u00a0\u00bb text_font_size=\u00a0\u00bb20px\u00a0\u00bb text_line_height=\u00a0\u00bb1.8em\u00a0\u00bb link_font=\u00a0\u00bb||||||||\u00a0\u00bb ul_font=\u00a0\u00bb||||||||\u00a0\u00bb header_font=\u00a0\u00bb||||||||\u00a0\u00bb header_2_font=\u00a0\u00bb||||||||\u00a0\u00bb header_3_font=\u00a0\u00bb||||||||\u00a0\u00bb header_3_font_size=\u00a0\u00bb45px\u00a0\u00bb header_3_line_height=\u00a0\u00bb1.5em\u00a0\u00bb header_4_font=\u00a0\u00bb||||||||\u00a0\u00bb header_5_font=\u00a0\u00bbPoppins|700||on|||||\u00a0\u00bb header_5_text_color=\u00a0\u00bb#ecd5c5&Prime; header_5_letter_spacing=\u00a0\u00bb15px\u00a0\u00bb header_5_line_height=\u00a0\u00bb1.8em\u00a0\u00bb text_orientation=\u00a0\u00bbcenter\u00a0\u00bb max_width=\u00a0\u00bb600px\u00a0\u00bb max_width_tablet=\u00a0\u00bb100%\u00a0\u00bb max_width_phone=\u00a0\u00bb100%\u00a0\u00bb max_width_last_edited=\u00a0\u00bboff|desktop\u00a0\u00bb module_alignment=\u00a0\u00bbcenter\u00a0\u00bb custom_margin=\u00a0\u00bb|||\u00a0\u00bb custom_padding=\u00a0\u00bb|||\u00a0\u00bb locked=\u00a0\u00bboff\u00a0\u00bb]<\/p>\n<p><span>En choisissant de d\u00e9poser votre robe dans mon d\u00e9p\u00f4t vente vous augmentez vos chances de la vendre.<\/span><br \/><span>En effet entre mon site, mes partenaires et mes diff\u00e9rents supports publicitaires, votre robe va conna\u00eetre une deuxi\u00e8me histoire mais toujours une belle histoire d\u2019amour et de partage !<\/span><\/p>\n<p><strong>Voici la proc\u00e9dure pour d\u00e9poser une robe :<\/strong><br \/><u>1- Remplissez le formulaire de d\u00e9p\u00f4t<\/u><br \/><span>Si vos articles sont accept\u00e9s, vous recevrez une r\u00e9ponse rapide.<\/span><br \/><span>Merci de pr\u00e9voir les diff\u00e9rentes factures des articles que vous souhaitez d\u00e9poser.<\/span><br \/><span>Les articles sont vendus entre 40 et 70 % de leur prix d\u2019origine, en fonction de leur ann\u00e9e de collection et bien s\u00fbr, s\u2019ils ont d\u00e9j\u00e0 \u00e9t\u00e9 port\u00e9s.<\/span><\/p>\n<p><u>2- D\u00e9poser<\/u><br \/><span>Apr\u00e8s avoir pris rendez vous par t\u00e9l\u00e9phone ou par e-mail vous pourrez venir d\u00e9poser ou envoyer votre robe et ses accessoires au showroom \u00abla mari\u00e9e maline\u00bb, route de Beaucaire, 30300 Jonqui\u00e8res st Vincent.<\/span><br \/><span>\u00abLa Mari\u00e9e Maline\u00bb percevra une commission sur la valeur de l\u2019article vendu et un contrat de d\u00e9p\u00f4t sera \u00e9tabli et remis lors de la remise ou de la r\u00e9ception du ou des articles.<\/span><\/p>\n<p><span>Les robes mises en d\u00e9p\u00f4t doivent remplir plusieurs crit\u00e8res :<\/span><br \/><span>&#8211; Robe de moins de 5 ans<br \/><\/span><span>&#8211; Excellent \u00e9tat <\/span><br \/><span>&#8211; Nettoyage au pressing <\/span><br \/><span>&#8211; Etiquette de la marque \u00e0 l&rsquo;int\u00e9rieur <\/span><br \/><span>&#8211; Si possible la housse de transport<\/span><\/p>\n<p>[\/et_pb_text][\/et_pb_column][\/et_pb_row][\/et_pb_section][et_pb_section fb_built=\u00a0\u00bb1&Prime; admin_label=\u00a0\u00bbAbout Us\u00a0\u00bb _builder_version=\u00a0\u00bb3.22&Prime; use_background_color_gradient=\u00a0\u00bbon\u00a0\u00bb background_color_gradient_start=\u00a0\u00bb#f2e3de\u00a0\u00bb background_color_gradient_end=\u00a0\u00bb#ffffff\u00a0\u00bb custom_padding=\u00a0\u00bb100px|0px|100px|0px|true|false\u00a0\u00bb top_divider_style=\u00a0\u00bbarrow3&Prime; top_divider_color=\u00a0\u00bbrgba(255,255,255,0.56)\u00a0\u00bb top_divider_height=\u00a0\u00bb500px\u00a0\u00bb top_divider_repeat=\u00a0\u00bb2x\u00a0\u00bb bottom_divider_color=\u00a0\u00bbrgba(255,255,255,0.55)\u00a0\u00bb bottom_divider_repeat=\u00a0\u00bb2x\u00a0\u00bb locked=\u00a0\u00bboff\u00a0\u00bb][et_pb_row _builder_version=\u00a0\u00bb4.9.3&Prime; _module_preset=\u00a0\u00bbdefault\u00a0\u00bb][et_pb_column type=\u00a0\u00bb4_4&Prime; _builder_version=\u00a0\u00bb4.9.3&Prime; _module_preset=\u00a0\u00bbdefault\u00a0\u00bb][dvppl_cf7_styler cf7=\u00a0\u00bb308&Prime; _builder_version=\u00a0\u00bb4.9.3&Prime; _module_preset=\u00a0\u00bbdefault\u00a0\u00bb][\/dvppl_cf7_styler][\/et_pb_column][\/et_pb_row][\/et_pb_section]<\/p>\n","protected":false},"excerpt":{"rendered":"<p>[et_pb_section fb_built=\u00a0\u00bb1&Prime; fullwidth=\u00a0\u00bbon\u00a0\u00bb admin_label=\u00a0\u00bbHeader\u00a0\u00bb _builder_version=\u00a0\u00bb3.22&Prime; custom_padding=\u00a0\u00bb0px|0|0px|0px|false|false\u00a0\u00bb top_divider_style=\u00a0\u00bbarrow3&Prime; top_divider_color=\u00a0\u00bbrgba(255,255,255,0.3)\u00a0\u00bb top_divider_height=\u00a0\u00bb100%\u00a0\u00bb top_divider_repeat=\u00a0\u00bb2x\u00a0\u00bb bottom_divider_color=\u00a0\u00bbrgba(255,255,255,0.33)\u00a0\u00bb bottom_divider_height=\u00a0\u00bb500px\u00a0\u00bb][et_pb_fullwidth_header title=\u00a0\u00bbD\u00e9poser une robe\u00a0\u00bb subhead=\u00a0\u00bbla mariee maline vous accompagne \u00a0\u00bb text_orientation=\u00a0\u00bbcenter\u00a0\u00bb content_max_width=\u00a0\u00bb70%\u00a0\u00bb content_max_width_tablet=\u00a0\u00bb100%\u00a0\u00bb content_max_width_phone=\u00a0\u00bb\u00a0\u00bb content_max_width_last_edited=\u00a0\u00bbon|phone\u00a0\u00bb _builder_version=\u00a0\u00bb4.9.3&Prime; title_font=\u00a0\u00bbCormorant Garamond|500|||||||\u00a0\u00bb title_font_size=\u00a0\u00bb5vw\u00a0\u00bb title_line_height=\u00a0\u00bb1.5em\u00a0\u00bb content_font=\u00a0\u00bb||||||||\u00a0\u00bb subhead_font=\u00a0\u00bbPoppins|700||on|||||\u00a0\u00bb subhead_font_size=\u00a0\u00bb16px\u00a0\u00bb subhead_letter_spacing=\u00a0\u00bb15px\u00a0\u00bb subhead_line_height=\u00a0\u00bb2em\u00a0\u00bb background_color=\u00a0\u00bbrgba(255,255,255,0)\u00a0\u00bb background_image=\u00a0\u00bbhttps:\/\/lamarieemaline.fr\/2021\/wp-content\/uploads\/2021\/04\/IMG_0540-scaled.jpg\u00a0\u00bb parallax=\u00a0\u00bbon\u00a0\u00bb parallax_method=\u00a0\u00bbon\u00a0\u00bb custom_button_one=\u00a0\u00bbon\u00a0\u00bb button_one_text_size=\u00a0\u00bb14px\u00a0\u00bb button_one_text_color=\u00a0\u00bb#000000&Prime; button_one_bg_color=\u00a0\u00bb#ffffff\u00a0\u00bb button_one_border_width=\u00a0\u00bb14px\u00a0\u00bb button_one_border_color=\u00a0\u00bb#ffffff\u00a0\u00bb button_one_border_radius=\u00a0\u00bb0px\u00a0\u00bb button_one_letter_spacing=\u00a0\u00bb4px\u00a0\u00bb button_one_font=\u00a0\u00bbPoppins|500||on|||||\u00a0\u00bb background_layout=\u00a0\u00bblight\u00a0\u00bb custom_margin=\u00a0\u00bb||||false\u00a0\u00bb custom_padding=\u00a0\u00bb10vw||10vw||true\u00a0\u00bb hover_enabled=\u00a0\u00bb0&Prime; title_font_size_tablet=\u00a0\u00bb40px\u00a0\u00bb title_font_size_phone=\u00a0\u00bb\u00a0\u00bb [&hellip;]<\/p>\n","protected":false},"author":1,"featured_media":0,"parent":0,"menu_order":0,"comment_status":"closed","ping_status":"closed","template":"","meta":{"_et_pb_use_builder":"on","_et_pb_old_content":"","_et_gb_content_width":"","footnotes":""},"class_list":["post-32","page","type-page","status-publish","hentry"],"yoast_head":"<!-- This site is optimized with the Yoast SEO plugin v27.4 - https:\/\/yoast.com\/product\/yoast-seo-wordpress\/ -->\n<title>D\u00e9poser une robe - La Mari\u00e9e Maline : d\u00e9p\u00f4t, vente de robes de mari\u00e9es<\/title>\n<meta name=\"robots\" content=\"index, follow, max-snippet:-1, max-image-preview:large, max-video-preview:-1\" \/>\n<link rel=\"canonical\" href=\"https:\/\/lamarieemaline.fr\/2021\/deposer-une-robe\/\" \/>\n<meta property=\"og:locale\" content=\"fr_FR\" \/>\n<meta property=\"og:type\" content=\"article\" \/>\n<meta property=\"og:title\" content=\"D\u00e9poser une robe - La Mari\u00e9e Maline : d\u00e9p\u00f4t, vente de robes de mari\u00e9es\" \/>\n<meta property=\"og:description\" content=\"[et_pb_section fb_built=\u00a0\u00bb1&Prime; fullwidth=\u00a0\u00bbon\u00a0\u00bb admin_label=\u00a0\u00bbHeader\u00a0\u00bb _builder_version=\u00a0\u00bb3.22&Prime; custom_padding=\u00a0\u00bb0px|0|0px|0px|false|false\u00a0\u00bb top_divider_style=\u00a0\u00bbarrow3&Prime; top_divider_color=\u00a0\u00bbrgba(255,255,255,0.3)\u00a0\u00bb top_divider_height=\u00a0\u00bb100%\u00a0\u00bb top_divider_repeat=\u00a0\u00bb2x\u00a0\u00bb bottom_divider_color=\u00a0\u00bbrgba(255,255,255,0.33)\u00a0\u00bb bottom_divider_height=\u00a0\u00bb500px\u00a0\u00bb][et_pb_fullwidth_header title=\u00a0\u00bbD\u00e9poser une robe\u00a0\u00bb subhead=\u00a0\u00bbla mariee maline vous accompagne \u00a0\u00bb text_orientation=\u00a0\u00bbcenter\u00a0\u00bb content_max_width=\u00a0\u00bb70%\u00a0\u00bb content_max_width_tablet=\u00a0\u00bb100%\u00a0\u00bb content_max_width_phone=\u00a0\u00bb\u00a0\u00bb content_max_width_last_edited=\u00a0\u00bbon|phone\u00a0\u00bb _builder_version=\u00a0\u00bb4.9.3&Prime; title_font=\u00a0\u00bbCormorant Garamond|500|||||||\u00a0\u00bb title_font_size=\u00a0\u00bb5vw\u00a0\u00bb title_line_height=\u00a0\u00bb1.5em\u00a0\u00bb content_font=\u00a0\u00bb||||||||\u00a0\u00bb subhead_font=\u00a0\u00bbPoppins|700||on|||||\u00a0\u00bb subhead_font_size=\u00a0\u00bb16px\u00a0\u00bb subhead_letter_spacing=\u00a0\u00bb15px\u00a0\u00bb subhead_line_height=\u00a0\u00bb2em\u00a0\u00bb background_color=\u00a0\u00bbrgba(255,255,255,0)\u00a0\u00bb background_image=\u00a0\u00bbhttps:\/\/lamarieemaline.fr\/2021\/wp-content\/uploads\/2021\/04\/IMG_0540-scaled.jpg\u00a0\u00bb parallax=\u00a0\u00bbon\u00a0\u00bb parallax_method=\u00a0\u00bbon\u00a0\u00bb custom_button_one=\u00a0\u00bbon\u00a0\u00bb button_one_text_size=\u00a0\u00bb14px\u00a0\u00bb button_one_text_color=\u00a0\u00bb#000000&Prime; button_one_bg_color=\u00a0\u00bb#ffffff\u00a0\u00bb button_one_border_width=\u00a0\u00bb14px\u00a0\u00bb button_one_border_color=\u00a0\u00bb#ffffff\u00a0\u00bb button_one_border_radius=\u00a0\u00bb0px\u00a0\u00bb button_one_letter_spacing=\u00a0\u00bb4px\u00a0\u00bb button_one_font=\u00a0\u00bbPoppins|500||on|||||\u00a0\u00bb background_layout=\u00a0\u00bblight\u00a0\u00bb custom_margin=\u00a0\u00bb||||false\u00a0\u00bb custom_padding=\u00a0\u00bb10vw||10vw||true\u00a0\u00bb hover_enabled=\u00a0\u00bb0&Prime; title_font_size_tablet=\u00a0\u00bb40px\u00a0\u00bb title_font_size_phone=\u00a0\u00bb\u00a0\u00bb [&hellip;]\" \/>\n<meta property=\"og:url\" content=\"https:\/\/lamarieemaline.fr\/2021\/deposer-une-robe\/\" \/>\n<meta property=\"og:site_name\" content=\"La Mari\u00e9e Maline : d\u00e9p\u00f4t, vente de robes de mari\u00e9es\" \/>\n<meta property=\"article:publisher\" content=\"https:\/\/www.facebook.com\/profile.php?id=100006076396098&amp;locale=fr_FR\" \/>\n<meta property=\"article:modified_time\" content=\"2021-04-21T13:36:20+00:00\" \/>\n<meta name=\"twitter:card\" content=\"summary_large_image\" \/>\n<meta name=\"twitter:label1\" content=\"Dur\u00e9e de lecture estim\u00e9e\" \/>\n\t<meta name=\"twitter:data1\" content=\"4 minutes\" \/>\n<script type=\"application\/ld+json\" class=\"yoast-schema-graph\">{\"@context\":\"https:\\\/\\\/schema.org\",\"@graph\":[{\"@type\":\"WebPage\",\"@id\":\"https:\\\/\\\/lamarieemaline.fr\\\/2021\\\/deposer-une-robe\\\/\",\"url\":\"https:\\\/\\\/lamarieemaline.fr\\\/2021\\\/deposer-une-robe\\\/\",\"name\":\"D\u00e9poser une robe - La Mari\u00e9e Maline : d\u00e9p\u00f4t, vente de robes de mari\u00e9es\",\"isPartOf\":{\"@id\":\"https:\\\/\\\/lamarieemaline.fr\\\/2021\\\/#website\"},\"datePublished\":\"2021-04-11T13:50:11+00:00\",\"dateModified\":\"2021-04-21T13:36:20+00:00\",\"breadcrumb\":{\"@id\":\"https:\\\/\\\/lamarieemaline.fr\\\/2021\\\/deposer-une-robe\\\/#breadcrumb\"},\"inLanguage\":\"fr-FR\",\"potentialAction\":[{\"@type\":\"ReadAction\",\"target\":[\"https:\\\/\\\/lamarieemaline.fr\\\/2021\\\/deposer-une-robe\\\/\"]}]},{\"@type\":\"BreadcrumbList\",\"@id\":\"https:\\\/\\\/lamarieemaline.fr\\\/2021\\\/deposer-une-robe\\\/#breadcrumb\",\"itemListElement\":[{\"@type\":\"ListItem\",\"position\":1,\"name\":\"Accueil\",\"item\":\"https:\\\/\\\/lamarieemaline.fr\\\/2021\\\/\"},{\"@type\":\"ListItem\",\"position\":2,\"name\":\"D\u00e9poser une robe\"}]},{\"@type\":\"WebSite\",\"@id\":\"https:\\\/\\\/lamarieemaline.fr\\\/2021\\\/#website\",\"url\":\"https:\\\/\\\/lamarieemaline.fr\\\/2021\\\/\",\"name\":\"La Mari\u00e9e Maline : d\u00e9p\u00f4t, vente de robes de mari\u00e9es - Seconde main, destockage\",\"description\":\"\",\"publisher\":{\"@id\":\"https:\\\/\\\/lamarieemaline.fr\\\/2021\\\/#organization\"},\"potentialAction\":[{\"@type\":\"SearchAction\",\"target\":{\"@type\":\"EntryPoint\",\"urlTemplate\":\"https:\\\/\\\/lamarieemaline.fr\\\/2021\\\/?s={search_term_string}\"},\"query-input\":{\"@type\":\"PropertyValueSpecification\",\"valueRequired\":true,\"valueName\":\"search_term_string\"}}],\"inLanguage\":\"fr-FR\"},{\"@type\":\"Organization\",\"@id\":\"https:\\\/\\\/lamarieemaline.fr\\\/2021\\\/#organization\",\"name\":\"La Mari\u00e9e Maline : d\u00e9p\u00f4t, vente de robes de mari\u00e9es - Seconde main, destockage\",\"url\":\"https:\\\/\\\/lamarieemaline.fr\\\/2021\\\/\",\"logo\":{\"@type\":\"ImageObject\",\"inLanguage\":\"fr-FR\",\"@id\":\"https:\\\/\\\/lamarieemaline.fr\\\/2021\\\/#\\\/schema\\\/logo\\\/image\\\/\",\"url\":\"https:\\\/\\\/lamarieemaline.fr\\\/2021\\\/wp-content\\\/uploads\\\/2021\\\/04\\\/logo-lmm.png\",\"contentUrl\":\"https:\\\/\\\/lamarieemaline.fr\\\/2021\\\/wp-content\\\/uploads\\\/2021\\\/04\\\/logo-lmm.png\",\"width\":3240,\"height\":2018,\"caption\":\"La Mari\u00e9e Maline : d\u00e9p\u00f4t, vente de robes de mari\u00e9es - Seconde main, destockage\"},\"image\":{\"@id\":\"https:\\\/\\\/lamarieemaline.fr\\\/2021\\\/#\\\/schema\\\/logo\\\/image\\\/\"},\"sameAs\":[\"https:\\\/\\\/www.facebook.com\\\/profile.php?id=100006076396098&locale=fr_FR\",\"https:\\\/\\\/www.instagram.com\\\/lamarieemaline\\\/\"]}]}<\/script>\n<!-- \/ Yoast SEO plugin. -->","yoast_head_json":{"title":"D\u00e9poser une robe - La Mari\u00e9e Maline : d\u00e9p\u00f4t, vente de robes de mari\u00e9es","robots":{"index":"index","follow":"follow","max-snippet":"max-snippet:-1","max-image-preview":"max-image-preview:large","max-video-preview":"max-video-preview:-1"},"canonical":"https:\/\/lamarieemaline.fr\/2021\/deposer-une-robe\/","og_locale":"fr_FR","og_type":"article","og_title":"D\u00e9poser une robe - La Mari\u00e9e Maline : d\u00e9p\u00f4t, vente de robes de mari\u00e9es","og_description":"[et_pb_section fb_built=\u00a0\u00bb1&Prime; fullwidth=\u00a0\u00bbon\u00a0\u00bb admin_label=\u00a0\u00bbHeader\u00a0\u00bb _builder_version=\u00a0\u00bb3.22&Prime; custom_padding=\u00a0\u00bb0px|0|0px|0px|false|false\u00a0\u00bb top_divider_style=\u00a0\u00bbarrow3&Prime; top_divider_color=\u00a0\u00bbrgba(255,255,255,0.3)\u00a0\u00bb top_divider_height=\u00a0\u00bb100%\u00a0\u00bb top_divider_repeat=\u00a0\u00bb2x\u00a0\u00bb bottom_divider_color=\u00a0\u00bbrgba(255,255,255,0.33)\u00a0\u00bb bottom_divider_height=\u00a0\u00bb500px\u00a0\u00bb][et_pb_fullwidth_header title=\u00a0\u00bbD\u00e9poser une robe\u00a0\u00bb subhead=\u00a0\u00bbla mariee maline vous accompagne \u00a0\u00bb text_orientation=\u00a0\u00bbcenter\u00a0\u00bb content_max_width=\u00a0\u00bb70%\u00a0\u00bb content_max_width_tablet=\u00a0\u00bb100%\u00a0\u00bb content_max_width_phone=\u00a0\u00bb\u00a0\u00bb content_max_width_last_edited=\u00a0\u00bbon|phone\u00a0\u00bb _builder_version=\u00a0\u00bb4.9.3&Prime; title_font=\u00a0\u00bbCormorant Garamond|500|||||||\u00a0\u00bb title_font_size=\u00a0\u00bb5vw\u00a0\u00bb title_line_height=\u00a0\u00bb1.5em\u00a0\u00bb content_font=\u00a0\u00bb||||||||\u00a0\u00bb subhead_font=\u00a0\u00bbPoppins|700||on|||||\u00a0\u00bb subhead_font_size=\u00a0\u00bb16px\u00a0\u00bb subhead_letter_spacing=\u00a0\u00bb15px\u00a0\u00bb subhead_line_height=\u00a0\u00bb2em\u00a0\u00bb background_color=\u00a0\u00bbrgba(255,255,255,0)\u00a0\u00bb background_image=\u00a0\u00bbhttps:\/\/lamarieemaline.fr\/2021\/wp-content\/uploads\/2021\/04\/IMG_0540-scaled.jpg\u00a0\u00bb parallax=\u00a0\u00bbon\u00a0\u00bb parallax_method=\u00a0\u00bbon\u00a0\u00bb custom_button_one=\u00a0\u00bbon\u00a0\u00bb button_one_text_size=\u00a0\u00bb14px\u00a0\u00bb button_one_text_color=\u00a0\u00bb#000000&Prime; button_one_bg_color=\u00a0\u00bb#ffffff\u00a0\u00bb button_one_border_width=\u00a0\u00bb14px\u00a0\u00bb button_one_border_color=\u00a0\u00bb#ffffff\u00a0\u00bb button_one_border_radius=\u00a0\u00bb0px\u00a0\u00bb button_one_letter_spacing=\u00a0\u00bb4px\u00a0\u00bb button_one_font=\u00a0\u00bbPoppins|500||on|||||\u00a0\u00bb background_layout=\u00a0\u00bblight\u00a0\u00bb custom_margin=\u00a0\u00bb||||false\u00a0\u00bb custom_padding=\u00a0\u00bb10vw||10vw||true\u00a0\u00bb hover_enabled=\u00a0\u00bb0&Prime; title_font_size_tablet=\u00a0\u00bb40px\u00a0\u00bb title_font_size_phone=\u00a0\u00bb\u00a0\u00bb [&hellip;]","og_url":"https:\/\/lamarieemaline.fr\/2021\/deposer-une-robe\/","og_site_name":"La Mari\u00e9e Maline : d\u00e9p\u00f4t, vente de robes de mari\u00e9es","article_publisher":"https:\/\/www.facebook.com\/profile.php?id=100006076396098&locale=fr_FR","article_modified_time":"2021-04-21T13:36:20+00:00","twitter_card":"summary_large_image","twitter_misc":{"Dur\u00e9e de lecture estim\u00e9e":"4 minutes"},"schema":{"@context":"https:\/\/schema.org","@graph":[{"@type":"WebPage","@id":"https:\/\/lamarieemaline.fr\/2021\/deposer-une-robe\/","url":"https:\/\/lamarieemaline.fr\/2021\/deposer-une-robe\/","name":"D\u00e9poser une robe - La Mari\u00e9e Maline : d\u00e9p\u00f4t, vente de robes de mari\u00e9es","isPartOf":{"@id":"https:\/\/lamarieemaline.fr\/2021\/#website"},"datePublished":"2021-04-11T13:50:11+00:00","dateModified":"2021-04-21T13:36:20+00:00","breadcrumb":{"@id":"https:\/\/lamarieemaline.fr\/2021\/deposer-une-robe\/#breadcrumb"},"inLanguage":"fr-FR","potentialAction":[{"@type":"ReadAction","target":["https:\/\/lamarieemaline.fr\/2021\/deposer-une-robe\/"]}]},{"@type":"BreadcrumbList","@id":"https:\/\/lamarieemaline.fr\/2021\/deposer-une-robe\/#breadcrumb","itemListElement":[{"@type":"ListItem","position":1,"name":"Accueil","item":"https:\/\/lamarieemaline.fr\/2021\/"},{"@type":"ListItem","position":2,"name":"D\u00e9poser une robe"}]},{"@type":"WebSite","@id":"https:\/\/lamarieemaline.fr\/2021\/#website","url":"https:\/\/lamarieemaline.fr\/2021\/","name":"La Mari\u00e9e Maline : d\u00e9p\u00f4t, vente de robes de mari\u00e9es - Seconde main, destockage","description":"","publisher":{"@id":"https:\/\/lamarieemaline.fr\/2021\/#organization"},"potentialAction":[{"@type":"SearchAction","target":{"@type":"EntryPoint","urlTemplate":"https:\/\/lamarieemaline.fr\/2021\/?s={search_term_string}"},"query-input":{"@type":"PropertyValueSpecification","valueRequired":true,"valueName":"search_term_string"}}],"inLanguage":"fr-FR"},{"@type":"Organization","@id":"https:\/\/lamarieemaline.fr\/2021\/#organization","name":"La Mari\u00e9e Maline : d\u00e9p\u00f4t, vente de robes de mari\u00e9es - Seconde main, destockage","url":"https:\/\/lamarieemaline.fr\/2021\/","logo":{"@type":"ImageObject","inLanguage":"fr-FR","@id":"https:\/\/lamarieemaline.fr\/2021\/#\/schema\/logo\/image\/","url":"https:\/\/lamarieemaline.fr\/2021\/wp-content\/uploads\/2021\/04\/logo-lmm.png","contentUrl":"https:\/\/lamarieemaline.fr\/2021\/wp-content\/uploads\/2021\/04\/logo-lmm.png","width":3240,"height":2018,"caption":"La Mari\u00e9e Maline : d\u00e9p\u00f4t, vente de robes de mari\u00e9es - Seconde main, destockage"},"image":{"@id":"https:\/\/lamarieemaline.fr\/2021\/#\/schema\/logo\/image\/"},"sameAs":["https:\/\/www.facebook.com\/profile.php?id=100006076396098&locale=fr_FR","https:\/\/www.instagram.com\/lamarieemaline\/"]}]}},"jetpack_sharing_enabled":true,"_links":{"self":[{"href":"https:\/\/lamarieemaline.fr\/2021\/wp-json\/wp\/v2\/pages\/32","targetHints":{"allow":["GET"]}}],"collection":[{"href":"https:\/\/lamarieemaline.fr\/2021\/wp-json\/wp\/v2\/pages"}],"about":[{"href":"https:\/\/lamarieemaline.fr\/2021\/wp-json\/wp\/v2\/types\/page"}],"author":[{"embeddable":true,"href":"https:\/\/lamarieemaline.fr\/2021\/wp-json\/wp\/v2\/users\/1"}],"replies":[{"embeddable":true,"href":"https:\/\/lamarieemaline.fr\/2021\/wp-json\/wp\/v2\/comments?post=32"}],"version-history":[{"count":7,"href":"https:\/\/lamarieemaline.fr\/2021\/wp-json\/wp\/v2\/pages\/32\/revisions"}],"predecessor-version":[{"id":816,"href":"https:\/\/lamarieemaline.fr\/2021\/wp-json\/wp\/v2\/pages\/32\/revisions\/816"}],"wp:attachment":[{"href":"https:\/\/lamarieemaline.fr\/2021\/wp-json\/wp\/v2\/media?parent=32"}],"curies":[{"name":"wp","href":"https:\/\/api.w.org\/{rel}","templated":true}]}}