{"id":47,"date":"2021-04-11T15:51:58","date_gmt":"2021-04-11T13:51:58","guid":{"rendered":"https:\/\/lamarieemaline.fr\/2021\/?page_id=47"},"modified":"2021-07-14T11:07:30","modified_gmt":"2021-07-14T09:07:30","slug":"contactez-la-mariee-maline-depot-vente-de-robes-de-mariees","status":"publish","type":"page","link":"https:\/\/lamarieemaline.fr\/2021\/contactez-la-mariee-maline-depot-vente-de-robes-de-mariees\/","title":{"rendered":"Contactez La Mari\u00e9e Maline, D\u00e9p\u00f4t vente de robes de mari\u00e9es"},"content":{"rendered":"<p>[et_pb_section fb_built=\u00a0\u00bb1&Prime; fullwidth=\u00a0\u00bbon\u00a0\u00bb admin_label=\u00a0\u00bbHeader\u00a0\u00bb _builder_version=\u00a0\u00bb3.22&Prime; custom_padding=\u00a0\u00bb0px|0|0px|0px|false|false\u00a0\u00bb top_divider_style=\u00a0\u00bbarrow3&Prime; top_divider_color=\u00a0\u00bbrgba(255,255,255,0.3)\u00a0\u00bb top_divider_height=\u00a0\u00bb100%\u00a0\u00bb top_divider_repeat=\u00a0\u00bb2x\u00a0\u00bb bottom_divider_color=\u00a0\u00bbrgba(255,255,255,0.33)\u00a0\u00bb bottom_divider_height=\u00a0\u00bb500px\u00a0\u00bb][et_pb_fullwidth_header title=\u00a0\u00bbContactez-moi\u00a0\u00bb subhead=\u00a0\u00bbvous voulez effectuer une seance d&rsquo;essayage ?\u00a0\u00bb text_orientation=\u00a0\u00bbcenter\u00a0\u00bb content_max_width=\u00a0\u00bb70%\u00a0\u00bb content_max_width_tablet=\u00a0\u00bb100%\u00a0\u00bb content_max_width_phone=\u00a0\u00bb\u00a0\u00bb content_max_width_last_edited=\u00a0\u00bbon|phone\u00a0\u00bb _builder_version=\u00a0\u00bb4.9.3&Prime; title_font=\u00a0\u00bbCormorant Garamond|500|||||||\u00a0\u00bb title_font_size=\u00a0\u00bb5vw\u00a0\u00bb title_line_height=\u00a0\u00bb1.5em\u00a0\u00bb content_font=\u00a0\u00bb||||||||\u00a0\u00bb subhead_font=\u00a0\u00bbPoppins|700||on|||||\u00a0\u00bb subhead_font_size=\u00a0\u00bb16px\u00a0\u00bb subhead_letter_spacing=\u00a0\u00bb15px\u00a0\u00bb subhead_line_height=\u00a0\u00bb2em\u00a0\u00bb background_color=\u00a0\u00bbrgba(255,255,255,0)\u00a0\u00bb background_image=\u00a0\u00bbhttps:\/\/lamarieemaline.fr\/2021\/wp-content\/uploads\/2021\/04\/IMG_9361.jpg\u00a0\u00bb parallax=\u00a0\u00bbon\u00a0\u00bb parallax_method=\u00a0\u00bbon\u00a0\u00bb custom_button_one=\u00a0\u00bbon\u00a0\u00bb button_one_text_size=\u00a0\u00bb14px\u00a0\u00bb button_one_text_color=\u00a0\u00bb#000000&Prime; button_one_bg_color=\u00a0\u00bb#ffffff\u00a0\u00bb button_one_border_width=\u00a0\u00bb14px\u00a0\u00bb button_one_border_color=\u00a0\u00bb#ffffff\u00a0\u00bb button_one_border_radius=\u00a0\u00bb0px\u00a0\u00bb button_one_letter_spacing=\u00a0\u00bb4px\u00a0\u00bb button_one_font=\u00a0\u00bbPoppins|500||on|||||\u00a0\u00bb background_layout=\u00a0\u00bblight\u00a0\u00bb custom_margin=\u00a0\u00bb||||false\u00a0\u00bb custom_padding=\u00a0\u00bb10vw||10vw||true\u00a0\u00bb title_font_size_tablet=\u00a0\u00bb40px\u00a0\u00bb title_font_size_phone=\u00a0\u00bb\u00a0\u00bb title_font_size_last_edited=\u00a0\u00bbon|desktop\u00a0\u00bb subhead_font_size_tablet=\u00a0\u00bb40px\u00a0\u00bb subhead_font_size_last_edited=\u00a0\u00bboff|desktop\u00a0\u00bb subhead_letter_spacing_tablet=\u00a0\u00bb\u00a0\u00bb subhead_letter_spacing_phone=\u00a0\u00bb0px\u00a0\u00bb subhead_letter_spacing_last_edited=\u00a0\u00bbon|phone\u00a0\u00bb button_one_border_color_hover=\u00a0\u00bb#ecd5c5&Prime; button_one_border_radius_hover=\u00a0\u00bb0px\u00a0\u00bb button_one_letter_spacing_hover=\u00a0\u00bb4px\u00a0\u00bb button_one_bg_color_hover=\u00a0\u00bb#ecd5c5&Prime; button_one_text_size__hover_enabled=\u00a0\u00bboff\u00a0\u00bb button_two_text_size__hover_enabled=\u00a0\u00bboff\u00a0\u00bb button_one_text_color__hover_enabled=\u00a0\u00bboff\u00a0\u00bb button_two_text_color__hover_enabled=\u00a0\u00bboff\u00a0\u00bb button_one_border_width__hover_enabled=\u00a0\u00bboff\u00a0\u00bb button_two_border_width__hover_enabled=\u00a0\u00bboff\u00a0\u00bb button_one_border_color__hover_enabled=\u00a0\u00bbon\u00a0\u00bb button_one_border_color__hover=\u00a0\u00bb#ecd5c5&Prime; button_two_border_color__hover_enabled=\u00a0\u00bboff\u00a0\u00bb button_one_border_radius__hover_enabled=\u00a0\u00bbon\u00a0\u00bb button_one_border_radius__hover=\u00a0\u00bb0px\u00a0\u00bb button_two_border_radius__hover_enabled=\u00a0\u00bboff\u00a0\u00bb button_one_letter_spacing__hover_enabled=\u00a0\u00bbon\u00a0\u00bb button_one_letter_spacing__hover=\u00a0\u00bb4px\u00a0\u00bb button_two_letter_spacing__hover_enabled=\u00a0\u00bboff\u00a0\u00bb button_one_bg_color__hover_enabled=\u00a0\u00bbon\u00a0\u00bb button_one_bg_color__hover=\u00a0\u00bb#ecd5c5&Prime; button_two_bg_color__hover_enabled=\u00a0\u00bboff\u00a0\u00bb][\/et_pb_fullwidth_header][\/et_pb_section][et_pb_section fb_built=\u00a0\u00bb1&Prime; admin_label=\u00a0\u00bbContact Info \u00a0\u00bb _builder_version=\u00a0\u00bb3.22&Prime;][et_pb_row column_structure=\u00a0\u00bb2_3,1_3&Prime; admin_label=\u00a0\u00bbContact Row\u00a0\u00bb _builder_version=\u00a0\u00bb4.9.3&Prime;][et_pb_column type=\u00a0\u00bb2_3&Prime; _builder_version=\u00a0\u00bb3.25&Prime; custom_padding=\u00a0\u00bb|||\u00a0\u00bb custom_padding__hover=\u00a0\u00bb|||\u00a0\u00bb][dvppl_cf7_styler _builder_version=\u00a0\u00bb4.9.3&Prime; _module_preset=\u00a0\u00bbdefault\u00a0\u00bb cf7=\u00a0\u00bb954&Prime; hover_enabled=\u00a0\u00bb0&Prime; sticky_enabled=\u00a0\u00bb0&Prime;][\/dvppl_cf7_styler][\/et_pb_column][et_pb_column type=\u00a0\u00bb1_3&Prime; _builder_version=\u00a0\u00bb3.25&Prime; custom_padding=\u00a0\u00bb|||6%\u00a0\u00bb custom_padding_tablet=\u00a0\u00bb0px|||\u00a0\u00bb custom_padding_last_edited=\u00a0\u00bboff|desktop\u00a0\u00bb custom_padding__hover=\u00a0\u00bb|||\u00a0\u00bb][et_pb_text admin_label=\u00a0\u00bbTitle &#038; Paragraph\u00a0\u00bb _builder_version=\u00a0\u00bb4.9.3&Prime; text_font=\u00a0\u00bbPoppins||||||||\u00a0\u00bb text_line_height=\u00a0\u00bb1.8em\u00a0\u00bb link_font=\u00a0\u00bb||||||||\u00a0\u00bb link_text_color=\u00a0\u00bb#f28560&Prime; ul_font=\u00a0\u00bb||||||||\u00a0\u00bb header_font=\u00a0\u00bb||||||||\u00a0\u00bb header_2_font=\u00a0\u00bb||||||||\u00a0\u00bb header_3_font=\u00a0\u00bbCormorant Garamond||||||||\u00a0\u00bb header_3_font_size=\u00a0\u00bb45px\u00a0\u00bb header_3_line_height=\u00a0\u00bb1.5em\u00a0\u00bb header_4_font=\u00a0\u00bb||||||||\u00a0\u00bb max_width_tablet=\u00a0\u00bb100%\u00a0\u00bb max_width_phone=\u00a0\u00bb100%\u00a0\u00bb max_width_last_edited=\u00a0\u00bbon|desktop\u00a0\u00bb module_alignment=\u00a0\u00bbright\u00a0\u00bb custom_margin=\u00a0\u00bb|||\u00a0\u00bb]<\/p>\n<h4>Uniquement sur rendez-vous<\/h4>\n<p><span>La Mari\u00e9e Maline<\/span><br \/><span>Route de Beaucaire <\/span><br \/><span>30300 Jonqui\u00e8res Saint Vincent <\/span><br \/><strong>T\u00e9l :<\/strong><span> 06.22.78.15.47 <\/span><br \/><strong>Mail :<\/strong><span> contact@lamarieemaline.fr<\/span><\/p>\n<p>[\/et_pb_text][et_pb_text admin_label=\u00a0\u00bbTitle &#038; Paragraph\u00a0\u00bb _builder_version=\u00a0\u00bb4.9.3&Prime; text_font=\u00a0\u00bbPoppins||||||||\u00a0\u00bb text_line_height=\u00a0\u00bb1.8em\u00a0\u00bb link_font=\u00a0\u00bb||||||||\u00a0\u00bb link_text_color=\u00a0\u00bb#f28560&Prime; ul_font=\u00a0\u00bb||||||||\u00a0\u00bb header_font=\u00a0\u00bb||||||||\u00a0\u00bb header_2_font=\u00a0\u00bb||||||||\u00a0\u00bb header_3_font=\u00a0\u00bbCormorant Garamond||||||||\u00a0\u00bb header_3_font_size=\u00a0\u00bb45px\u00a0\u00bb header_3_line_height=\u00a0\u00bb1.5em\u00a0\u00bb header_4_font=\u00a0\u00bb||||||||\u00a0\u00bb max_width_tablet=\u00a0\u00bb100%\u00a0\u00bb max_width_phone=\u00a0\u00bb100%\u00a0\u00bb max_width_last_edited=\u00a0\u00bbon|desktop\u00a0\u00bb module_alignment=\u00a0\u00bbright\u00a0\u00bb custom_margin=\u00a0\u00bb|||\u00a0\u00bb]<\/p>\n<p><strong>Horaires d\u2019ouverture du showroom<\/strong><br \/><span>Du lundi au samedi et UNIQUEMENT SUR RDV<\/span><\/p>\n<p>[\/et_pb_text][\/et_pb_column][\/et_pb_row][\/et_pb_section][et_pb_section fb_built=\u00a0\u00bb1&Prime; _builder_version=\u00a0\u00bb4.9.3&Prime; _module_preset=\u00a0\u00bbdefault\u00a0\u00bb][et_pb_row column_structure=\u00a0\u00bb3_5,2_5&Prime; _builder_version=\u00a0\u00bb4.9.3&Prime; _module_preset=\u00a0\u00bbdefault\u00a0\u00bb][et_pb_column type=\u00a0\u00bb3_5&Prime; _builder_version=\u00a0\u00bb4.9.3&Prime; _module_preset=\u00a0\u00bbdefault\u00a0\u00bb][et_pb_image src=\u00a0\u00bbhttps:\/\/lamarieemaline.fr\/2021\/wp-content\/uploads\/2021\/04\/plan_grand.jpg\u00a0\u00bb title_text=\u00a0\u00bbplan_grand\u00a0\u00bb _builder_version=\u00a0\u00bb4.9.3&Prime; _module_preset=\u00a0\u00bbdefault\u00a0\u00bb][\/et_pb_image][\/et_pb_column][et_pb_column type=\u00a0\u00bb2_5&Prime; _builder_version=\u00a0\u00bb4.9.3&Prime; _module_preset=\u00a0\u00bbdefault\u00a0\u00bb][et_pb_image src=\u00a0\u00bbhttps:\/\/lamarieemaline.fr\/2021\/wp-content\/uploads\/2021\/04\/IMG_2077-scaled.jpg\u00a0\u00bb title_text=\u00a0\u00bbIMG_2077&Prime; _builder_version=\u00a0\u00bb4.9.3&Prime; _module_preset=\u00a0\u00bbdefault\u00a0\u00bb][\/et_pb_image][\/et_pb_column][\/et_pb_row][\/et_pb_section][et_pb_section fb_built=\u00a0\u00bb1&Prime; fullwidth=\u00a0\u00bbon\u00a0\u00bb _builder_version=\u00a0\u00bb4.9.3&Prime;][\/et_pb_section]<\/p>\n","protected":false},"excerpt":{"rendered":"<p>[et_pb_section fb_built=\u00a0\u00bb1&Prime; fullwidth=\u00a0\u00bbon\u00a0\u00bb admin_label=\u00a0\u00bbHeader\u00a0\u00bb _builder_version=\u00a0\u00bb3.22&Prime; custom_padding=\u00a0\u00bb0px|0|0px|0px|false|false\u00a0\u00bb top_divider_style=\u00a0\u00bbarrow3&Prime; top_divider_color=\u00a0\u00bbrgba(255,255,255,0.3)\u00a0\u00bb top_divider_height=\u00a0\u00bb100%\u00a0\u00bb top_divider_repeat=\u00a0\u00bb2x\u00a0\u00bb bottom_divider_color=\u00a0\u00bbrgba(255,255,255,0.33)\u00a0\u00bb bottom_divider_height=\u00a0\u00bb500px\u00a0\u00bb][et_pb_fullwidth_header title=\u00a0\u00bbContactez-moi\u00a0\u00bb subhead=\u00a0\u00bbvous voulez effectuer une seance d&rsquo;essayage ?\u00a0\u00bb text_orientation=\u00a0\u00bbcenter\u00a0\u00bb content_max_width=\u00a0\u00bb70%\u00a0\u00bb content_max_width_tablet=\u00a0\u00bb100%\u00a0\u00bb content_max_width_phone=\u00a0\u00bb\u00a0\u00bb content_max_width_last_edited=\u00a0\u00bbon|phone\u00a0\u00bb _builder_version=\u00a0\u00bb4.9.3&Prime; title_font=\u00a0\u00bbCormorant Garamond|500|||||||\u00a0\u00bb title_font_size=\u00a0\u00bb5vw\u00a0\u00bb title_line_height=\u00a0\u00bb1.5em\u00a0\u00bb content_font=\u00a0\u00bb||||||||\u00a0\u00bb subhead_font=\u00a0\u00bbPoppins|700||on|||||\u00a0\u00bb subhead_font_size=\u00a0\u00bb16px\u00a0\u00bb subhead_letter_spacing=\u00a0\u00bb15px\u00a0\u00bb subhead_line_height=\u00a0\u00bb2em\u00a0\u00bb background_color=\u00a0\u00bbrgba(255,255,255,0)\u00a0\u00bb background_image=\u00a0\u00bbhttps:\/\/lamarieemaline.fr\/2021\/wp-content\/uploads\/2021\/04\/IMG_9361.jpg\u00a0\u00bb parallax=\u00a0\u00bbon\u00a0\u00bb parallax_method=\u00a0\u00bbon\u00a0\u00bb custom_button_one=\u00a0\u00bbon\u00a0\u00bb button_one_text_size=\u00a0\u00bb14px\u00a0\u00bb button_one_text_color=\u00a0\u00bb#000000&Prime; button_one_bg_color=\u00a0\u00bb#ffffff\u00a0\u00bb button_one_border_width=\u00a0\u00bb14px\u00a0\u00bb button_one_border_color=\u00a0\u00bb#ffffff\u00a0\u00bb button_one_border_radius=\u00a0\u00bb0px\u00a0\u00bb button_one_letter_spacing=\u00a0\u00bb4px\u00a0\u00bb button_one_font=\u00a0\u00bbPoppins|500||on|||||\u00a0\u00bb background_layout=\u00a0\u00bblight\u00a0\u00bb custom_margin=\u00a0\u00bb||||false\u00a0\u00bb custom_padding=\u00a0\u00bb10vw||10vw||true\u00a0\u00bb title_font_size_tablet=\u00a0\u00bb40px\u00a0\u00bb title_font_size_phone=\u00a0\u00bb\u00a0\u00bb title_font_size_last_edited=\u00a0\u00bbon|desktop\u00a0\u00bb subhead_font_size_tablet=\u00a0\u00bb40px\u00a0\u00bb [&hellip;]<\/p>\n","protected":false},"author":1,"featured_media":0,"parent":0,"menu_order":0,"comment_status":"closed","ping_status":"closed","template":"","meta":{"_et_pb_use_builder":"on","_et_pb_old_content":"","_et_gb_content_width":"","footnotes":""},"class_list":["post-47","page","type-page","status-publish","hentry"],"yoast_head":"<!-- This site is optimized with the Yoast SEO plugin v27.5 - https:\/\/yoast.com\/product\/yoast-seo-wordpress\/ -->\n<title>Contactez La Mari\u00e9e Maline, D\u00e9p\u00f4t vente de robes de mari\u00e9es - La Mari\u00e9e Maline : d\u00e9p\u00f4t, vente de robes de mari\u00e9es<\/title>\n<meta name=\"robots\" content=\"index, follow, max-snippet:-1, max-image-preview:large, max-video-preview:-1\" \/>\n<link rel=\"canonical\" href=\"https:\/\/lamarieemaline.fr\/2021\/contactez-la-mariee-maline-depot-vente-de-robes-de-mariees\/\" \/>\n<meta property=\"og:locale\" content=\"fr_FR\" \/>\n<meta property=\"og:type\" content=\"article\" \/>\n<meta property=\"og:title\" content=\"Contactez La Mari\u00e9e Maline, D\u00e9p\u00f4t vente de robes de mari\u00e9es - La Mari\u00e9e Maline : d\u00e9p\u00f4t, vente de robes de mari\u00e9es\" \/>\n<meta property=\"og:description\" content=\"[et_pb_section fb_built=\u00a0\u00bb1&Prime; fullwidth=\u00a0\u00bbon\u00a0\u00bb admin_label=\u00a0\u00bbHeader\u00a0\u00bb _builder_version=\u00a0\u00bb3.22&Prime; custom_padding=\u00a0\u00bb0px|0|0px|0px|false|false\u00a0\u00bb top_divider_style=\u00a0\u00bbarrow3&Prime; top_divider_color=\u00a0\u00bbrgba(255,255,255,0.3)\u00a0\u00bb top_divider_height=\u00a0\u00bb100%\u00a0\u00bb top_divider_repeat=\u00a0\u00bb2x\u00a0\u00bb bottom_divider_color=\u00a0\u00bbrgba(255,255,255,0.33)\u00a0\u00bb bottom_divider_height=\u00a0\u00bb500px\u00a0\u00bb][et_pb_fullwidth_header title=\u00a0\u00bbContactez-moi\u00a0\u00bb subhead=\u00a0\u00bbvous voulez effectuer une seance d&rsquo;essayage ?\u00a0\u00bb text_orientation=\u00a0\u00bbcenter\u00a0\u00bb content_max_width=\u00a0\u00bb70%\u00a0\u00bb content_max_width_tablet=\u00a0\u00bb100%\u00a0\u00bb content_max_width_phone=\u00a0\u00bb\u00a0\u00bb content_max_width_last_edited=\u00a0\u00bbon|phone\u00a0\u00bb _builder_version=\u00a0\u00bb4.9.3&Prime; title_font=\u00a0\u00bbCormorant Garamond|500|||||||\u00a0\u00bb title_font_size=\u00a0\u00bb5vw\u00a0\u00bb title_line_height=\u00a0\u00bb1.5em\u00a0\u00bb content_font=\u00a0\u00bb||||||||\u00a0\u00bb subhead_font=\u00a0\u00bbPoppins|700||on|||||\u00a0\u00bb subhead_font_size=\u00a0\u00bb16px\u00a0\u00bb subhead_letter_spacing=\u00a0\u00bb15px\u00a0\u00bb subhead_line_height=\u00a0\u00bb2em\u00a0\u00bb background_color=\u00a0\u00bbrgba(255,255,255,0)\u00a0\u00bb background_image=\u00a0\u00bbhttps:\/\/lamarieemaline.fr\/2021\/wp-content\/uploads\/2021\/04\/IMG_9361.jpg\u00a0\u00bb parallax=\u00a0\u00bbon\u00a0\u00bb parallax_method=\u00a0\u00bbon\u00a0\u00bb custom_button_one=\u00a0\u00bbon\u00a0\u00bb button_one_text_size=\u00a0\u00bb14px\u00a0\u00bb button_one_text_color=\u00a0\u00bb#000000&Prime; button_one_bg_color=\u00a0\u00bb#ffffff\u00a0\u00bb button_one_border_width=\u00a0\u00bb14px\u00a0\u00bb button_one_border_color=\u00a0\u00bb#ffffff\u00a0\u00bb button_one_border_radius=\u00a0\u00bb0px\u00a0\u00bb button_one_letter_spacing=\u00a0\u00bb4px\u00a0\u00bb button_one_font=\u00a0\u00bbPoppins|500||on|||||\u00a0\u00bb background_layout=\u00a0\u00bblight\u00a0\u00bb custom_margin=\u00a0\u00bb||||false\u00a0\u00bb custom_padding=\u00a0\u00bb10vw||10vw||true\u00a0\u00bb title_font_size_tablet=\u00a0\u00bb40px\u00a0\u00bb title_font_size_phone=\u00a0\u00bb\u00a0\u00bb title_font_size_last_edited=\u00a0\u00bbon|desktop\u00a0\u00bb subhead_font_size_tablet=\u00a0\u00bb40px\u00a0\u00bb [&hellip;]\" \/>\n<meta property=\"og:url\" content=\"https:\/\/lamarieemaline.fr\/2021\/contactez-la-mariee-maline-depot-vente-de-robes-de-mariees\/\" \/>\n<meta property=\"og:site_name\" content=\"La Mari\u00e9e Maline : d\u00e9p\u00f4t, vente de robes de mari\u00e9es\" \/>\n<meta property=\"article:publisher\" content=\"https:\/\/www.facebook.com\/profile.php?id=100006076396098&amp;locale=fr_FR\" \/>\n<meta property=\"article:modified_time\" content=\"2021-07-14T09:07:30+00:00\" \/>\n<meta name=\"twitter:card\" content=\"summary_large_image\" \/>\n<meta name=\"twitter:label1\" content=\"Dur\u00e9e de lecture estim\u00e9e\" \/>\n\t<meta name=\"twitter:data1\" content=\"4 minutes\" \/>\n<script type=\"application\/ld+json\" class=\"yoast-schema-graph\">{\"@context\":\"https:\\\/\\\/schema.org\",\"@graph\":[{\"@type\":\"WebPage\",\"@id\":\"https:\\\/\\\/lamarieemaline.fr\\\/2021\\\/contactez-la-mariee-maline-depot-vente-de-robes-de-mariees\\\/\",\"url\":\"https:\\\/\\\/lamarieemaline.fr\\\/2021\\\/contactez-la-mariee-maline-depot-vente-de-robes-de-mariees\\\/\",\"name\":\"Contactez La Mari\u00e9e Maline, D\u00e9p\u00f4t vente de robes de mari\u00e9es - La Mari\u00e9e Maline : d\u00e9p\u00f4t, vente de robes de mari\u00e9es\",\"isPartOf\":{\"@id\":\"https:\\\/\\\/lamarieemaline.fr\\\/2021\\\/#website\"},\"datePublished\":\"2021-04-11T13:51:58+00:00\",\"dateModified\":\"2021-07-14T09:07:30+00:00\",\"breadcrumb\":{\"@id\":\"https:\\\/\\\/lamarieemaline.fr\\\/2021\\\/contactez-la-mariee-maline-depot-vente-de-robes-de-mariees\\\/#breadcrumb\"},\"inLanguage\":\"fr-FR\",\"potentialAction\":[{\"@type\":\"ReadAction\",\"target\":[\"https:\\\/\\\/lamarieemaline.fr\\\/2021\\\/contactez-la-mariee-maline-depot-vente-de-robes-de-mariees\\\/\"]}]},{\"@type\":\"BreadcrumbList\",\"@id\":\"https:\\\/\\\/lamarieemaline.fr\\\/2021\\\/contactez-la-mariee-maline-depot-vente-de-robes-de-mariees\\\/#breadcrumb\",\"itemListElement\":[{\"@type\":\"ListItem\",\"position\":1,\"name\":\"Accueil\",\"item\":\"https:\\\/\\\/lamarieemaline.fr\\\/2021\\\/\"},{\"@type\":\"ListItem\",\"position\":2,\"name\":\"Contactez La Mari\u00e9e Maline, D\u00e9p\u00f4t vente de robes de mari\u00e9es\"}]},{\"@type\":\"WebSite\",\"@id\":\"https:\\\/\\\/lamarieemaline.fr\\\/2021\\\/#website\",\"url\":\"https:\\\/\\\/lamarieemaline.fr\\\/2021\\\/\",\"name\":\"La Mari\u00e9e Maline : d\u00e9p\u00f4t, vente de robes de mari\u00e9es - Seconde main, destockage\",\"description\":\"\",\"publisher\":{\"@id\":\"https:\\\/\\\/lamarieemaline.fr\\\/2021\\\/#organization\"},\"potentialAction\":[{\"@type\":\"SearchAction\",\"target\":{\"@type\":\"EntryPoint\",\"urlTemplate\":\"https:\\\/\\\/lamarieemaline.fr\\\/2021\\\/?s={search_term_string}\"},\"query-input\":{\"@type\":\"PropertyValueSpecification\",\"valueRequired\":true,\"valueName\":\"search_term_string\"}}],\"inLanguage\":\"fr-FR\"},{\"@type\":\"Organization\",\"@id\":\"https:\\\/\\\/lamarieemaline.fr\\\/2021\\\/#organization\",\"name\":\"La Mari\u00e9e Maline : d\u00e9p\u00f4t, vente de robes de mari\u00e9es - Seconde main, destockage\",\"url\":\"https:\\\/\\\/lamarieemaline.fr\\\/2021\\\/\",\"logo\":{\"@type\":\"ImageObject\",\"inLanguage\":\"fr-FR\",\"@id\":\"https:\\\/\\\/lamarieemaline.fr\\\/2021\\\/#\\\/schema\\\/logo\\\/image\\\/\",\"url\":\"https:\\\/\\\/lamarieemaline.fr\\\/2021\\\/wp-content\\\/uploads\\\/2021\\\/04\\\/logo-lmm.png\",\"contentUrl\":\"https:\\\/\\\/lamarieemaline.fr\\\/2021\\\/wp-content\\\/uploads\\\/2021\\\/04\\\/logo-lmm.png\",\"width\":3240,\"height\":2018,\"caption\":\"La Mari\u00e9e Maline : d\u00e9p\u00f4t, vente de robes de mari\u00e9es - Seconde main, destockage\"},\"image\":{\"@id\":\"https:\\\/\\\/lamarieemaline.fr\\\/2021\\\/#\\\/schema\\\/logo\\\/image\\\/\"},\"sameAs\":[\"https:\\\/\\\/www.facebook.com\\\/profile.php?id=100006076396098&locale=fr_FR\",\"https:\\\/\\\/www.instagram.com\\\/lamarieemaline\\\/\"]}]}<\/script>\n<!-- \/ Yoast SEO plugin. -->","yoast_head_json":{"title":"Contactez La Mari\u00e9e Maline, D\u00e9p\u00f4t vente de robes de mari\u00e9es - La Mari\u00e9e Maline : d\u00e9p\u00f4t, vente de robes de mari\u00e9es","robots":{"index":"index","follow":"follow","max-snippet":"max-snippet:-1","max-image-preview":"max-image-preview:large","max-video-preview":"max-video-preview:-1"},"canonical":"https:\/\/lamarieemaline.fr\/2021\/contactez-la-mariee-maline-depot-vente-de-robes-de-mariees\/","og_locale":"fr_FR","og_type":"article","og_title":"Contactez La Mari\u00e9e Maline, D\u00e9p\u00f4t vente de robes de mari\u00e9es - La Mari\u00e9e Maline : d\u00e9p\u00f4t, vente de robes de mari\u00e9es","og_description":"[et_pb_section fb_built=\u00a0\u00bb1&Prime; fullwidth=\u00a0\u00bbon\u00a0\u00bb admin_label=\u00a0\u00bbHeader\u00a0\u00bb _builder_version=\u00a0\u00bb3.22&Prime; custom_padding=\u00a0\u00bb0px|0|0px|0px|false|false\u00a0\u00bb top_divider_style=\u00a0\u00bbarrow3&Prime; top_divider_color=\u00a0\u00bbrgba(255,255,255,0.3)\u00a0\u00bb top_divider_height=\u00a0\u00bb100%\u00a0\u00bb top_divider_repeat=\u00a0\u00bb2x\u00a0\u00bb bottom_divider_color=\u00a0\u00bbrgba(255,255,255,0.33)\u00a0\u00bb bottom_divider_height=\u00a0\u00bb500px\u00a0\u00bb][et_pb_fullwidth_header title=\u00a0\u00bbContactez-moi\u00a0\u00bb subhead=\u00a0\u00bbvous voulez effectuer une seance d&rsquo;essayage ?\u00a0\u00bb text_orientation=\u00a0\u00bbcenter\u00a0\u00bb content_max_width=\u00a0\u00bb70%\u00a0\u00bb content_max_width_tablet=\u00a0\u00bb100%\u00a0\u00bb content_max_width_phone=\u00a0\u00bb\u00a0\u00bb content_max_width_last_edited=\u00a0\u00bbon|phone\u00a0\u00bb _builder_version=\u00a0\u00bb4.9.3&Prime; title_font=\u00a0\u00bbCormorant Garamond|500|||||||\u00a0\u00bb title_font_size=\u00a0\u00bb5vw\u00a0\u00bb title_line_height=\u00a0\u00bb1.5em\u00a0\u00bb content_font=\u00a0\u00bb||||||||\u00a0\u00bb subhead_font=\u00a0\u00bbPoppins|700||on|||||\u00a0\u00bb subhead_font_size=\u00a0\u00bb16px\u00a0\u00bb subhead_letter_spacing=\u00a0\u00bb15px\u00a0\u00bb subhead_line_height=\u00a0\u00bb2em\u00a0\u00bb background_color=\u00a0\u00bbrgba(255,255,255,0)\u00a0\u00bb background_image=\u00a0\u00bbhttps:\/\/lamarieemaline.fr\/2021\/wp-content\/uploads\/2021\/04\/IMG_9361.jpg\u00a0\u00bb parallax=\u00a0\u00bbon\u00a0\u00bb parallax_method=\u00a0\u00bbon\u00a0\u00bb custom_button_one=\u00a0\u00bbon\u00a0\u00bb button_one_text_size=\u00a0\u00bb14px\u00a0\u00bb button_one_text_color=\u00a0\u00bb#000000&Prime; button_one_bg_color=\u00a0\u00bb#ffffff\u00a0\u00bb button_one_border_width=\u00a0\u00bb14px\u00a0\u00bb button_one_border_color=\u00a0\u00bb#ffffff\u00a0\u00bb button_one_border_radius=\u00a0\u00bb0px\u00a0\u00bb button_one_letter_spacing=\u00a0\u00bb4px\u00a0\u00bb button_one_font=\u00a0\u00bbPoppins|500||on|||||\u00a0\u00bb background_layout=\u00a0\u00bblight\u00a0\u00bb custom_margin=\u00a0\u00bb||||false\u00a0\u00bb custom_padding=\u00a0\u00bb10vw||10vw||true\u00a0\u00bb title_font_size_tablet=\u00a0\u00bb40px\u00a0\u00bb title_font_size_phone=\u00a0\u00bb\u00a0\u00bb title_font_size_last_edited=\u00a0\u00bbon|desktop\u00a0\u00bb subhead_font_size_tablet=\u00a0\u00bb40px\u00a0\u00bb [&hellip;]","og_url":"https:\/\/lamarieemaline.fr\/2021\/contactez-la-mariee-maline-depot-vente-de-robes-de-mariees\/","og_site_name":"La Mari\u00e9e Maline : d\u00e9p\u00f4t, vente de robes de mari\u00e9es","article_publisher":"https:\/\/www.facebook.com\/profile.php?id=100006076396098&locale=fr_FR","article_modified_time":"2021-07-14T09:07:30+00:00","twitter_card":"summary_large_image","twitter_misc":{"Dur\u00e9e de lecture estim\u00e9e":"4 minutes"},"schema":{"@context":"https:\/\/schema.org","@graph":[{"@type":"WebPage","@id":"https:\/\/lamarieemaline.fr\/2021\/contactez-la-mariee-maline-depot-vente-de-robes-de-mariees\/","url":"https:\/\/lamarieemaline.fr\/2021\/contactez-la-mariee-maline-depot-vente-de-robes-de-mariees\/","name":"Contactez La Mari\u00e9e Maline, D\u00e9p\u00f4t vente de robes de mari\u00e9es - La Mari\u00e9e Maline : d\u00e9p\u00f4t, vente de robes de mari\u00e9es","isPartOf":{"@id":"https:\/\/lamarieemaline.fr\/2021\/#website"},"datePublished":"2021-04-11T13:51:58+00:00","dateModified":"2021-07-14T09:07:30+00:00","breadcrumb":{"@id":"https:\/\/lamarieemaline.fr\/2021\/contactez-la-mariee-maline-depot-vente-de-robes-de-mariees\/#breadcrumb"},"inLanguage":"fr-FR","potentialAction":[{"@type":"ReadAction","target":["https:\/\/lamarieemaline.fr\/2021\/contactez-la-mariee-maline-depot-vente-de-robes-de-mariees\/"]}]},{"@type":"BreadcrumbList","@id":"https:\/\/lamarieemaline.fr\/2021\/contactez-la-mariee-maline-depot-vente-de-robes-de-mariees\/#breadcrumb","itemListElement":[{"@type":"ListItem","position":1,"name":"Accueil","item":"https:\/\/lamarieemaline.fr\/2021\/"},{"@type":"ListItem","position":2,"name":"Contactez La Mari\u00e9e Maline, D\u00e9p\u00f4t vente de robes de mari\u00e9es"}]},{"@type":"WebSite","@id":"https:\/\/lamarieemaline.fr\/2021\/#website","url":"https:\/\/lamarieemaline.fr\/2021\/","name":"La Mari\u00e9e Maline : d\u00e9p\u00f4t, vente de robes de mari\u00e9es - Seconde main, destockage","description":"","publisher":{"@id":"https:\/\/lamarieemaline.fr\/2021\/#organization"},"potentialAction":[{"@type":"SearchAction","target":{"@type":"EntryPoint","urlTemplate":"https:\/\/lamarieemaline.fr\/2021\/?s={search_term_string}"},"query-input":{"@type":"PropertyValueSpecification","valueRequired":true,"valueName":"search_term_string"}}],"inLanguage":"fr-FR"},{"@type":"Organization","@id":"https:\/\/lamarieemaline.fr\/2021\/#organization","name":"La Mari\u00e9e Maline : d\u00e9p\u00f4t, vente de robes de mari\u00e9es - Seconde main, destockage","url":"https:\/\/lamarieemaline.fr\/2021\/","logo":{"@type":"ImageObject","inLanguage":"fr-FR","@id":"https:\/\/lamarieemaline.fr\/2021\/#\/schema\/logo\/image\/","url":"https:\/\/lamarieemaline.fr\/2021\/wp-content\/uploads\/2021\/04\/logo-lmm.png","contentUrl":"https:\/\/lamarieemaline.fr\/2021\/wp-content\/uploads\/2021\/04\/logo-lmm.png","width":3240,"height":2018,"caption":"La Mari\u00e9e Maline : d\u00e9p\u00f4t, vente de robes de mari\u00e9es - Seconde main, destockage"},"image":{"@id":"https:\/\/lamarieemaline.fr\/2021\/#\/schema\/logo\/image\/"},"sameAs":["https:\/\/www.facebook.com\/profile.php?id=100006076396098&locale=fr_FR","https:\/\/www.instagram.com\/lamarieemaline\/"]}]}},"jetpack_sharing_enabled":true,"_links":{"self":[{"href":"https:\/\/lamarieemaline.fr\/2021\/wp-json\/wp\/v2\/pages\/47","targetHints":{"allow":["GET"]}}],"collection":[{"href":"https:\/\/lamarieemaline.fr\/2021\/wp-json\/wp\/v2\/pages"}],"about":[{"href":"https:\/\/lamarieemaline.fr\/2021\/wp-json\/wp\/v2\/types\/page"}],"author":[{"embeddable":true,"href":"https:\/\/lamarieemaline.fr\/2021\/wp-json\/wp\/v2\/users\/1"}],"replies":[{"embeddable":true,"href":"https:\/\/lamarieemaline.fr\/2021\/wp-json\/wp\/v2\/comments?post=47"}],"version-history":[{"count":9,"href":"https:\/\/lamarieemaline.fr\/2021\/wp-json\/wp\/v2\/pages\/47\/revisions"}],"predecessor-version":[{"id":955,"href":"https:\/\/lamarieemaline.fr\/2021\/wp-json\/wp\/v2\/pages\/47\/revisions\/955"}],"wp:attachment":[{"href":"https:\/\/lamarieemaline.fr\/2021\/wp-json\/wp\/v2\/media?parent=47"}],"curies":[{"name":"wp","href":"https:\/\/api.w.org\/{rel}","templated":true}]}}