{"id":1148,"date":"2022-03-31T08:04:34","date_gmt":"2022-03-31T06:04:34","guid":{"rendered":"https:\/\/lamarieemaline.fr\/2021\/?post_type=product&#038;p=1148"},"modified":"2022-03-31T08:04:34","modified_gmt":"2022-03-31T06:04:34","slug":"robe-de-mariee-modele-tomy-mariage-r390","status":"publish","type":"product","link":"https:\/\/lamarieemaline.fr\/2021\/produit\/robe-de-mariee-modele-tomy-mariage-r390\/","title":{"rendered":"Robe de mari\u00e9e mod\u00e8le \u00ab\u00a0Tomy Mariage\u00a0\u00bb R390"},"content":{"rendered":"<p>Haut pliss\u00e9 , boutons dos et dentelles<\/p>\n<p>Belle tra\u00eene<\/p>\n","protected":false},"excerpt":{"rendered":"<p>Robe forme trap\u00e8ze<\/p>\n<p>Robe neuve<\/p>\n","protected":false},"featured_media":1149,"template":"","meta":{"_et_pb_use_builder":"","_et_pb_old_content":"","_et_gb_content_width":""},"product_brand":[],"product_cat":[20],"product_tag":[374],"class_list":{"0":"post-1148","1":"product","2":"type-product","3":"status-publish","4":"has-post-thumbnail","6":"product_cat-robes-de-mariee","7":"product_tag-r390","9":"first","10":"instock","11":"shipping-taxable","12":"purchasable","13":"product-type-simple"},"yoast_head":"<!-- This site is optimized with the Yoast SEO plugin v27.4 - https:\/\/yoast.com\/product\/yoast-seo-wordpress\/ -->\n<title>Robe de mari\u00e9e mod\u00e8le &quot;Tomy Mariage&quot; R390 - La Mari\u00e9e Maline : d\u00e9p\u00f4t, vente de robes de mari\u00e9es<\/title>\n<meta name=\"robots\" content=\"index, follow, max-snippet:-1, max-image-preview:large, max-video-preview:-1\" \/>\n<link rel=\"canonical\" href=\"https:\/\/lamarieemaline.fr\/2021\/produit\/robe-de-mariee-modele-tomy-mariage-r390\/\" \/>\n<meta property=\"og:locale\" content=\"fr_FR\" \/>\n<meta property=\"og:type\" content=\"article\" \/>\n<meta property=\"og:title\" content=\"Robe de mari\u00e9e mod\u00e8le &quot;Tomy Mariage&quot; R390 - La Mari\u00e9e Maline : d\u00e9p\u00f4t, vente de robes de mari\u00e9es\" \/>\n<meta property=\"og:description\" content=\"Robe forme trap\u00e8ze  Robe neuve\" \/>\n<meta property=\"og:url\" content=\"https:\/\/lamarieemaline.fr\/2021\/produit\/robe-de-mariee-modele-tomy-mariage-r390\/\" \/>\n<meta property=\"og:site_name\" content=\"La Mari\u00e9e Maline : d\u00e9p\u00f4t, vente de robes de mari\u00e9es\" \/>\n<meta property=\"article:publisher\" content=\"https:\/\/www.facebook.com\/profile.php?id=100006076396098&amp;locale=fr_FR\" \/>\n<meta property=\"og:image\" content=\"https:\/\/lamarieemaline.fr\/2021\/wp-content\/uploads\/2022\/03\/1-1.jpg\" \/>\n\t<meta property=\"og:image:width\" content=\"1064\" \/>\n\t<meta property=\"og:image:height\" content=\"1600\" \/>\n\t<meta property=\"og:image:type\" content=\"image\/jpeg\" \/>\n<meta name=\"twitter:card\" content=\"summary_large_image\" \/>\n<script type=\"application\/ld+json\" class=\"yoast-schema-graph\">{\"@context\":\"https:\\\/\\\/schema.org\",\"@graph\":[{\"@type\":\"WebPage\",\"@id\":\"https:\\\/\\\/lamarieemaline.fr\\\/2021\\\/produit\\\/robe-de-mariee-modele-tomy-mariage-r390\\\/\",\"url\":\"https:\\\/\\\/lamarieemaline.fr\\\/2021\\\/produit\\\/robe-de-mariee-modele-tomy-mariage-r390\\\/\",\"name\":\"Robe de mari\u00e9e mod\u00e8le \\\"Tomy Mariage\\\" R390 - La Mari\u00e9e Maline : d\u00e9p\u00f4t, vente de robes de mari\u00e9es\",\"isPartOf\":{\"@id\":\"https:\\\/\\\/lamarieemaline.fr\\\/2021\\\/#website\"},\"primaryImageOfPage\":{\"@id\":\"https:\\\/\\\/lamarieemaline.fr\\\/2021\\\/produit\\\/robe-de-mariee-modele-tomy-mariage-r390\\\/#primaryimage\"},\"image\":{\"@id\":\"https:\\\/\\\/lamarieemaline.fr\\\/2021\\\/produit\\\/robe-de-mariee-modele-tomy-mariage-r390\\\/#primaryimage\"},\"thumbnailUrl\":\"https:\\\/\\\/lamarieemaline.fr\\\/2021\\\/wp-content\\\/uploads\\\/2022\\\/03\\\/1-1.jpg\",\"datePublished\":\"2022-03-31T06:04:34+00:00\",\"breadcrumb\":{\"@id\":\"https:\\\/\\\/lamarieemaline.fr\\\/2021\\\/produit\\\/robe-de-mariee-modele-tomy-mariage-r390\\\/#breadcrumb\"},\"inLanguage\":\"fr-FR\",\"potentialAction\":[{\"@type\":\"ReadAction\",\"target\":[\"https:\\\/\\\/lamarieemaline.fr\\\/2021\\\/produit\\\/robe-de-mariee-modele-tomy-mariage-r390\\\/\"]}]},{\"@type\":\"ImageObject\",\"inLanguage\":\"fr-FR\",\"@id\":\"https:\\\/\\\/lamarieemaline.fr\\\/2021\\\/produit\\\/robe-de-mariee-modele-tomy-mariage-r390\\\/#primaryimage\",\"url\":\"https:\\\/\\\/lamarieemaline.fr\\\/2021\\\/wp-content\\\/uploads\\\/2022\\\/03\\\/1-1.jpg\",\"contentUrl\":\"https:\\\/\\\/lamarieemaline.fr\\\/2021\\\/wp-content\\\/uploads\\\/2022\\\/03\\\/1-1.jpg\",\"width\":1064,\"height\":1600},{\"@type\":\"BreadcrumbList\",\"@id\":\"https:\\\/\\\/lamarieemaline.fr\\\/2021\\\/produit\\\/robe-de-mariee-modele-tomy-mariage-r390\\\/#breadcrumb\",\"itemListElement\":[{\"@type\":\"ListItem\",\"position\":1,\"name\":\"Accueil\",\"item\":\"https:\\\/\\\/lamarieemaline.fr\\\/2021\\\/\"},{\"@type\":\"ListItem\",\"position\":2,\"name\":\"Notre catalogue de robes de mari\u00e9e\",\"item\":\"https:\\\/\\\/lamarieemaline.fr\\\/2021\\\/notre-catalogue-de-robes-de-mariee\\\/\"},{\"@type\":\"ListItem\",\"position\":3,\"name\":\"Robe de mari\u00e9e mod\u00e8le \u00ab\u00a0Tomy Mariage\u00a0\u00bb R390\"}]},{\"@type\":\"WebSite\",\"@id\":\"https:\\\/\\\/lamarieemaline.fr\\\/2021\\\/#website\",\"url\":\"https:\\\/\\\/lamarieemaline.fr\\\/2021\\\/\",\"name\":\"La Mari\u00e9e Maline : d\u00e9p\u00f4t, vente de robes de mari\u00e9es - Seconde main, destockage\",\"description\":\"\",\"publisher\":{\"@id\":\"https:\\\/\\\/lamarieemaline.fr\\\/2021\\\/#organization\"},\"potentialAction\":[{\"@type\":\"SearchAction\",\"target\":{\"@type\":\"EntryPoint\",\"urlTemplate\":\"https:\\\/\\\/lamarieemaline.fr\\\/2021\\\/?s={search_term_string}\"},\"query-input\":{\"@type\":\"PropertyValueSpecification\",\"valueRequired\":true,\"valueName\":\"search_term_string\"}}],\"inLanguage\":\"fr-FR\"},{\"@type\":\"Organization\",\"@id\":\"https:\\\/\\\/lamarieemaline.fr\\\/2021\\\/#organization\",\"name\":\"La Mari\u00e9e Maline : d\u00e9p\u00f4t, vente de robes de mari\u00e9es - Seconde main, destockage\",\"url\":\"https:\\\/\\\/lamarieemaline.fr\\\/2021\\\/\",\"logo\":{\"@type\":\"ImageObject\",\"inLanguage\":\"fr-FR\",\"@id\":\"https:\\\/\\\/lamarieemaline.fr\\\/2021\\\/#\\\/schema\\\/logo\\\/image\\\/\",\"url\":\"https:\\\/\\\/lamarieemaline.fr\\\/2021\\\/wp-content\\\/uploads\\\/2021\\\/04\\\/logo-lmm.png\",\"contentUrl\":\"https:\\\/\\\/lamarieemaline.fr\\\/2021\\\/wp-content\\\/uploads\\\/2021\\\/04\\\/logo-lmm.png\",\"width\":3240,\"height\":2018,\"caption\":\"La Mari\u00e9e Maline : d\u00e9p\u00f4t, vente de robes de mari\u00e9es - Seconde main, destockage\"},\"image\":{\"@id\":\"https:\\\/\\\/lamarieemaline.fr\\\/2021\\\/#\\\/schema\\\/logo\\\/image\\\/\"},\"sameAs\":[\"https:\\\/\\\/www.facebook.com\\\/profile.php?id=100006076396098&locale=fr_FR\",\"https:\\\/\\\/www.instagram.com\\\/lamarieemaline\\\/\"]}]}<\/script>\n<!-- \/ Yoast SEO plugin. -->","yoast_head_json":{"title":"Robe de mari\u00e9e mod\u00e8le \"Tomy Mariage\" R390 - La Mari\u00e9e Maline : d\u00e9p\u00f4t, vente de robes de mari\u00e9es","robots":{"index":"index","follow":"follow","max-snippet":"max-snippet:-1","max-image-preview":"max-image-preview:large","max-video-preview":"max-video-preview:-1"},"canonical":"https:\/\/lamarieemaline.fr\/2021\/produit\/robe-de-mariee-modele-tomy-mariage-r390\/","og_locale":"fr_FR","og_type":"article","og_title":"Robe de mari\u00e9e mod\u00e8le \"Tomy Mariage\" R390 - La Mari\u00e9e Maline : d\u00e9p\u00f4t, vente de robes de mari\u00e9es","og_description":"Robe forme trap\u00e8ze  Robe neuve","og_url":"https:\/\/lamarieemaline.fr\/2021\/produit\/robe-de-mariee-modele-tomy-mariage-r390\/","og_site_name":"La Mari\u00e9e Maline : d\u00e9p\u00f4t, vente de robes de mari\u00e9es","article_publisher":"https:\/\/www.facebook.com\/profile.php?id=100006076396098&locale=fr_FR","og_image":[{"width":1064,"height":1600,"url":"https:\/\/lamarieemaline.fr\/2021\/wp-content\/uploads\/2022\/03\/1-1.jpg","type":"image\/jpeg"}],"twitter_card":"summary_large_image","schema":{"@context":"https:\/\/schema.org","@graph":[{"@type":"WebPage","@id":"https:\/\/lamarieemaline.fr\/2021\/produit\/robe-de-mariee-modele-tomy-mariage-r390\/","url":"https:\/\/lamarieemaline.fr\/2021\/produit\/robe-de-mariee-modele-tomy-mariage-r390\/","name":"Robe de mari\u00e9e mod\u00e8le \"Tomy Mariage\" R390 - La Mari\u00e9e Maline : d\u00e9p\u00f4t, vente de robes de mari\u00e9es","isPartOf":{"@id":"https:\/\/lamarieemaline.fr\/2021\/#website"},"primaryImageOfPage":{"@id":"https:\/\/lamarieemaline.fr\/2021\/produit\/robe-de-mariee-modele-tomy-mariage-r390\/#primaryimage"},"image":{"@id":"https:\/\/lamarieemaline.fr\/2021\/produit\/robe-de-mariee-modele-tomy-mariage-r390\/#primaryimage"},"thumbnailUrl":"https:\/\/lamarieemaline.fr\/2021\/wp-content\/uploads\/2022\/03\/1-1.jpg","datePublished":"2022-03-31T06:04:34+00:00","breadcrumb":{"@id":"https:\/\/lamarieemaline.fr\/2021\/produit\/robe-de-mariee-modele-tomy-mariage-r390\/#breadcrumb"},"inLanguage":"fr-FR","potentialAction":[{"@type":"ReadAction","target":["https:\/\/lamarieemaline.fr\/2021\/produit\/robe-de-mariee-modele-tomy-mariage-r390\/"]}]},{"@type":"ImageObject","inLanguage":"fr-FR","@id":"https:\/\/lamarieemaline.fr\/2021\/produit\/robe-de-mariee-modele-tomy-mariage-r390\/#primaryimage","url":"https:\/\/lamarieemaline.fr\/2021\/wp-content\/uploads\/2022\/03\/1-1.jpg","contentUrl":"https:\/\/lamarieemaline.fr\/2021\/wp-content\/uploads\/2022\/03\/1-1.jpg","width":1064,"height":1600},{"@type":"BreadcrumbList","@id":"https:\/\/lamarieemaline.fr\/2021\/produit\/robe-de-mariee-modele-tomy-mariage-r390\/#breadcrumb","itemListElement":[{"@type":"ListItem","position":1,"name":"Accueil","item":"https:\/\/lamarieemaline.fr\/2021\/"},{"@type":"ListItem","position":2,"name":"Notre catalogue de robes de mari\u00e9e","item":"https:\/\/lamarieemaline.fr\/2021\/notre-catalogue-de-robes-de-mariee\/"},{"@type":"ListItem","position":3,"name":"Robe de mari\u00e9e mod\u00e8le \u00ab\u00a0Tomy Mariage\u00a0\u00bb R390"}]},{"@type":"WebSite","@id":"https:\/\/lamarieemaline.fr\/2021\/#website","url":"https:\/\/lamarieemaline.fr\/2021\/","name":"La Mari\u00e9e Maline : d\u00e9p\u00f4t, vente de robes de mari\u00e9es - Seconde main, destockage","description":"","publisher":{"@id":"https:\/\/lamarieemaline.fr\/2021\/#organization"},"potentialAction":[{"@type":"SearchAction","target":{"@type":"EntryPoint","urlTemplate":"https:\/\/lamarieemaline.fr\/2021\/?s={search_term_string}"},"query-input":{"@type":"PropertyValueSpecification","valueRequired":true,"valueName":"search_term_string"}}],"inLanguage":"fr-FR"},{"@type":"Organization","@id":"https:\/\/lamarieemaline.fr\/2021\/#organization","name":"La Mari\u00e9e Maline : d\u00e9p\u00f4t, vente de robes de mari\u00e9es - Seconde main, destockage","url":"https:\/\/lamarieemaline.fr\/2021\/","logo":{"@type":"ImageObject","inLanguage":"fr-FR","@id":"https:\/\/lamarieemaline.fr\/2021\/#\/schema\/logo\/image\/","url":"https:\/\/lamarieemaline.fr\/2021\/wp-content\/uploads\/2021\/04\/logo-lmm.png","contentUrl":"https:\/\/lamarieemaline.fr\/2021\/wp-content\/uploads\/2021\/04\/logo-lmm.png","width":3240,"height":2018,"caption":"La Mari\u00e9e Maline : d\u00e9p\u00f4t, vente de robes de mari\u00e9es - Seconde main, destockage"},"image":{"@id":"https:\/\/lamarieemaline.fr\/2021\/#\/schema\/logo\/image\/"},"sameAs":["https:\/\/www.facebook.com\/profile.php?id=100006076396098&locale=fr_FR","https:\/\/www.instagram.com\/lamarieemaline\/"]}]}},"jetpack_sharing_enabled":true,"_links":{"self":[{"href":"https:\/\/lamarieemaline.fr\/2021\/wp-json\/wp\/v2\/product\/1148","targetHints":{"allow":["GET"]}}],"collection":[{"href":"https:\/\/lamarieemaline.fr\/2021\/wp-json\/wp\/v2\/product"}],"about":[{"href":"https:\/\/lamarieemaline.fr\/2021\/wp-json\/wp\/v2\/types\/product"}],"wp:featuredmedia":[{"embeddable":true,"href":"https:\/\/lamarieemaline.fr\/2021\/wp-json\/wp\/v2\/media\/1149"}],"wp:attachment":[{"href":"https:\/\/lamarieemaline.fr\/2021\/wp-json\/wp\/v2\/media?parent=1148"}],"wp:term":[{"taxonomy":"product_brand","embeddable":true,"href":"https:\/\/lamarieemaline.fr\/2021\/wp-json\/wp\/v2\/product_brand?post=1148"},{"taxonomy":"product_cat","embeddable":true,"href":"https:\/\/lamarieemaline.fr\/2021\/wp-json\/wp\/v2\/product_cat?post=1148"},{"taxonomy":"product_tag","embeddable":true,"href":"https:\/\/lamarieemaline.fr\/2021\/wp-json\/wp\/v2\/product_tag?post=1148"}],"curies":[{"name":"wp","href":"https:\/\/api.w.org\/{rel}","templated":true}]}}