{"id":248,"date":"2021-04-11T17:20:52","date_gmt":"2021-04-11T15:20:52","guid":{"rendered":"https:\/\/lamarieemaline.fr\/2021\/?post_type=product&#038;p=248"},"modified":"2021-05-18T19:23:05","modified_gmt":"2021-05-18T17:23:05","slug":"voile-dentelle","status":"publish","type":"product","link":"https:\/\/lamarieemaline.fr\/2021\/produit\/voile-dentelle\/","title":{"rendered":"VOILE Dentelle AV01"},"content":{"rendered":"<p>Voile en cascade<br \/>\nFinitions dentelles<br \/>\nPeigne mont\u00e9<\/p>\n","protected":false},"excerpt":{"rendered":"<p>Neuf Nouvelle Collection<\/p>\n","protected":false},"featured_media":705,"template":"","meta":{"_et_pb_use_builder":"","_et_pb_old_content":"","_et_gb_content_width":""},"product_brand":[],"product_cat":[22],"product_tag":[259],"class_list":{"0":"post-248","1":"product","2":"type-product","3":"status-publish","4":"has-post-thumbnail","6":"product_cat-accessoires","7":"product_tag-av1","8":"product_shipping_class-accessoire","10":"first","11":"instock","12":"shipping-taxable","13":"purchasable","14":"product-type-simple"},"yoast_head":"<!-- This site is optimized with the Yoast SEO plugin v27.3 - https:\/\/yoast.com\/product\/yoast-seo-wordpress\/ -->\n<title>VOILE Dentelle AV01 - La Mari\u00e9e Maline : d\u00e9p\u00f4t, vente de robes de mari\u00e9es<\/title>\n<meta name=\"robots\" content=\"index, follow, max-snippet:-1, max-image-preview:large, max-video-preview:-1\" \/>\n<link rel=\"canonical\" href=\"https:\/\/lamarieemaline.fr\/2021\/produit\/voile-dentelle\/\" \/>\n<meta property=\"og:locale\" content=\"fr_FR\" \/>\n<meta property=\"og:type\" content=\"article\" \/>\n<meta property=\"og:title\" content=\"VOILE Dentelle AV01 - La Mari\u00e9e Maline : d\u00e9p\u00f4t, vente de robes de mari\u00e9es\" \/>\n<meta property=\"og:description\" content=\"Neuf Nouvelle Collection\" \/>\n<meta property=\"og:url\" content=\"https:\/\/lamarieemaline.fr\/2021\/produit\/voile-dentelle\/\" \/>\n<meta property=\"og:site_name\" content=\"La Mari\u00e9e Maline : d\u00e9p\u00f4t, vente de robes de mari\u00e9es\" \/>\n<meta property=\"article:publisher\" content=\"https:\/\/www.facebook.com\/profile.php?id=100006076396098&amp;locale=fr_FR\" \/>\n<meta property=\"article:modified_time\" content=\"2021-05-18T17:23:05+00:00\" \/>\n<meta property=\"og:image\" content=\"https:\/\/lamarieemaline.fr\/2021\/wp-content\/uploads\/2021\/04\/1-81.jpg\" \/>\n\t<meta property=\"og:image:width\" content=\"1064\" \/>\n\t<meta property=\"og:image:height\" content=\"1600\" \/>\n\t<meta property=\"og:image:type\" content=\"image\/jpeg\" \/>\n<meta name=\"twitter:card\" content=\"summary_large_image\" \/>\n<script type=\"application\/ld+json\" class=\"yoast-schema-graph\">{\"@context\":\"https:\\\/\\\/schema.org\",\"@graph\":[{\"@type\":\"WebPage\",\"@id\":\"https:\\\/\\\/lamarieemaline.fr\\\/2021\\\/produit\\\/voile-dentelle\\\/\",\"url\":\"https:\\\/\\\/lamarieemaline.fr\\\/2021\\\/produit\\\/voile-dentelle\\\/\",\"name\":\"VOILE Dentelle AV01 - La Mari\u00e9e Maline : d\u00e9p\u00f4t, vente de robes de mari\u00e9es\",\"isPartOf\":{\"@id\":\"https:\\\/\\\/lamarieemaline.fr\\\/2021\\\/#website\"},\"primaryImageOfPage\":{\"@id\":\"https:\\\/\\\/lamarieemaline.fr\\\/2021\\\/produit\\\/voile-dentelle\\\/#primaryimage\"},\"image\":{\"@id\":\"https:\\\/\\\/lamarieemaline.fr\\\/2021\\\/produit\\\/voile-dentelle\\\/#primaryimage\"},\"thumbnailUrl\":\"https:\\\/\\\/lamarieemaline.fr\\\/2021\\\/wp-content\\\/uploads\\\/2021\\\/04\\\/1-81.jpg\",\"datePublished\":\"2021-04-11T15:20:52+00:00\",\"dateModified\":\"2021-05-18T17:23:05+00:00\",\"breadcrumb\":{\"@id\":\"https:\\\/\\\/lamarieemaline.fr\\\/2021\\\/produit\\\/voile-dentelle\\\/#breadcrumb\"},\"inLanguage\":\"fr-FR\",\"potentialAction\":[{\"@type\":\"ReadAction\",\"target\":[\"https:\\\/\\\/lamarieemaline.fr\\\/2021\\\/produit\\\/voile-dentelle\\\/\"]}]},{\"@type\":\"ImageObject\",\"inLanguage\":\"fr-FR\",\"@id\":\"https:\\\/\\\/lamarieemaline.fr\\\/2021\\\/produit\\\/voile-dentelle\\\/#primaryimage\",\"url\":\"https:\\\/\\\/lamarieemaline.fr\\\/2021\\\/wp-content\\\/uploads\\\/2021\\\/04\\\/1-81.jpg\",\"contentUrl\":\"https:\\\/\\\/lamarieemaline.fr\\\/2021\\\/wp-content\\\/uploads\\\/2021\\\/04\\\/1-81.jpg\",\"width\":1064,\"height\":1600},{\"@type\":\"BreadcrumbList\",\"@id\":\"https:\\\/\\\/lamarieemaline.fr\\\/2021\\\/produit\\\/voile-dentelle\\\/#breadcrumb\",\"itemListElement\":[{\"@type\":\"ListItem\",\"position\":1,\"name\":\"Accueil\",\"item\":\"https:\\\/\\\/lamarieemaline.fr\\\/2021\\\/\"},{\"@type\":\"ListItem\",\"position\":2,\"name\":\"Notre catalogue de robes de mari\u00e9e\",\"item\":\"https:\\\/\\\/lamarieemaline.fr\\\/2021\\\/notre-catalogue-de-robes-de-mariee\\\/\"},{\"@type\":\"ListItem\",\"position\":3,\"name\":\"VOILE Dentelle AV01\"}]},{\"@type\":\"WebSite\",\"@id\":\"https:\\\/\\\/lamarieemaline.fr\\\/2021\\\/#website\",\"url\":\"https:\\\/\\\/lamarieemaline.fr\\\/2021\\\/\",\"name\":\"La Mari\u00e9e Maline : d\u00e9p\u00f4t, vente de robes de mari\u00e9es - Seconde main, destockage\",\"description\":\"\",\"publisher\":{\"@id\":\"https:\\\/\\\/lamarieemaline.fr\\\/2021\\\/#organization\"},\"potentialAction\":[{\"@type\":\"SearchAction\",\"target\":{\"@type\":\"EntryPoint\",\"urlTemplate\":\"https:\\\/\\\/lamarieemaline.fr\\\/2021\\\/?s={search_term_string}\"},\"query-input\":{\"@type\":\"PropertyValueSpecification\",\"valueRequired\":true,\"valueName\":\"search_term_string\"}}],\"inLanguage\":\"fr-FR\"},{\"@type\":\"Organization\",\"@id\":\"https:\\\/\\\/lamarieemaline.fr\\\/2021\\\/#organization\",\"name\":\"La Mari\u00e9e Maline : d\u00e9p\u00f4t, vente de robes de mari\u00e9es - Seconde main, destockage\",\"url\":\"https:\\\/\\\/lamarieemaline.fr\\\/2021\\\/\",\"logo\":{\"@type\":\"ImageObject\",\"inLanguage\":\"fr-FR\",\"@id\":\"https:\\\/\\\/lamarieemaline.fr\\\/2021\\\/#\\\/schema\\\/logo\\\/image\\\/\",\"url\":\"https:\\\/\\\/lamarieemaline.fr\\\/2021\\\/wp-content\\\/uploads\\\/2021\\\/04\\\/logo-lmm.png\",\"contentUrl\":\"https:\\\/\\\/lamarieemaline.fr\\\/2021\\\/wp-content\\\/uploads\\\/2021\\\/04\\\/logo-lmm.png\",\"width\":3240,\"height\":2018,\"caption\":\"La Mari\u00e9e Maline : d\u00e9p\u00f4t, vente de robes de mari\u00e9es - Seconde main, destockage\"},\"image\":{\"@id\":\"https:\\\/\\\/lamarieemaline.fr\\\/2021\\\/#\\\/schema\\\/logo\\\/image\\\/\"},\"sameAs\":[\"https:\\\/\\\/www.facebook.com\\\/profile.php?id=100006076396098&locale=fr_FR\",\"https:\\\/\\\/www.instagram.com\\\/lamarieemaline\\\/\"]}]}<\/script>\n<!-- \/ Yoast SEO plugin. -->","yoast_head_json":{"title":"VOILE Dentelle AV01 - La Mari\u00e9e Maline : d\u00e9p\u00f4t, vente de robes de mari\u00e9es","robots":{"index":"index","follow":"follow","max-snippet":"max-snippet:-1","max-image-preview":"max-image-preview:large","max-video-preview":"max-video-preview:-1"},"canonical":"https:\/\/lamarieemaline.fr\/2021\/produit\/voile-dentelle\/","og_locale":"fr_FR","og_type":"article","og_title":"VOILE Dentelle AV01 - La Mari\u00e9e Maline : d\u00e9p\u00f4t, vente de robes de mari\u00e9es","og_description":"Neuf Nouvelle Collection","og_url":"https:\/\/lamarieemaline.fr\/2021\/produit\/voile-dentelle\/","og_site_name":"La Mari\u00e9e Maline : d\u00e9p\u00f4t, vente de robes de mari\u00e9es","article_publisher":"https:\/\/www.facebook.com\/profile.php?id=100006076396098&locale=fr_FR","article_modified_time":"2021-05-18T17:23:05+00:00","og_image":[{"width":1064,"height":1600,"url":"https:\/\/lamarieemaline.fr\/2021\/wp-content\/uploads\/2021\/04\/1-81.jpg","type":"image\/jpeg"}],"twitter_card":"summary_large_image","schema":{"@context":"https:\/\/schema.org","@graph":[{"@type":"WebPage","@id":"https:\/\/lamarieemaline.fr\/2021\/produit\/voile-dentelle\/","url":"https:\/\/lamarieemaline.fr\/2021\/produit\/voile-dentelle\/","name":"VOILE Dentelle AV01 - La Mari\u00e9e Maline : d\u00e9p\u00f4t, vente de robes de mari\u00e9es","isPartOf":{"@id":"https:\/\/lamarieemaline.fr\/2021\/#website"},"primaryImageOfPage":{"@id":"https:\/\/lamarieemaline.fr\/2021\/produit\/voile-dentelle\/#primaryimage"},"image":{"@id":"https:\/\/lamarieemaline.fr\/2021\/produit\/voile-dentelle\/#primaryimage"},"thumbnailUrl":"https:\/\/lamarieemaline.fr\/2021\/wp-content\/uploads\/2021\/04\/1-81.jpg","datePublished":"2021-04-11T15:20:52+00:00","dateModified":"2021-05-18T17:23:05+00:00","breadcrumb":{"@id":"https:\/\/lamarieemaline.fr\/2021\/produit\/voile-dentelle\/#breadcrumb"},"inLanguage":"fr-FR","potentialAction":[{"@type":"ReadAction","target":["https:\/\/lamarieemaline.fr\/2021\/produit\/voile-dentelle\/"]}]},{"@type":"ImageObject","inLanguage":"fr-FR","@id":"https:\/\/lamarieemaline.fr\/2021\/produit\/voile-dentelle\/#primaryimage","url":"https:\/\/lamarieemaline.fr\/2021\/wp-content\/uploads\/2021\/04\/1-81.jpg","contentUrl":"https:\/\/lamarieemaline.fr\/2021\/wp-content\/uploads\/2021\/04\/1-81.jpg","width":1064,"height":1600},{"@type":"BreadcrumbList","@id":"https:\/\/lamarieemaline.fr\/2021\/produit\/voile-dentelle\/#breadcrumb","itemListElement":[{"@type":"ListItem","position":1,"name":"Accueil","item":"https:\/\/lamarieemaline.fr\/2021\/"},{"@type":"ListItem","position":2,"name":"Notre catalogue de robes de mari\u00e9e","item":"https:\/\/lamarieemaline.fr\/2021\/notre-catalogue-de-robes-de-mariee\/"},{"@type":"ListItem","position":3,"name":"VOILE Dentelle AV01"}]},{"@type":"WebSite","@id":"https:\/\/lamarieemaline.fr\/2021\/#website","url":"https:\/\/lamarieemaline.fr\/2021\/","name":"La Mari\u00e9e Maline : d\u00e9p\u00f4t, vente de robes de mari\u00e9es - Seconde main, destockage","description":"","publisher":{"@id":"https:\/\/lamarieemaline.fr\/2021\/#organization"},"potentialAction":[{"@type":"SearchAction","target":{"@type":"EntryPoint","urlTemplate":"https:\/\/lamarieemaline.fr\/2021\/?s={search_term_string}"},"query-input":{"@type":"PropertyValueSpecification","valueRequired":true,"valueName":"search_term_string"}}],"inLanguage":"fr-FR"},{"@type":"Organization","@id":"https:\/\/lamarieemaline.fr\/2021\/#organization","name":"La Mari\u00e9e Maline : d\u00e9p\u00f4t, vente de robes de mari\u00e9es - Seconde main, destockage","url":"https:\/\/lamarieemaline.fr\/2021\/","logo":{"@type":"ImageObject","inLanguage":"fr-FR","@id":"https:\/\/lamarieemaline.fr\/2021\/#\/schema\/logo\/image\/","url":"https:\/\/lamarieemaline.fr\/2021\/wp-content\/uploads\/2021\/04\/logo-lmm.png","contentUrl":"https:\/\/lamarieemaline.fr\/2021\/wp-content\/uploads\/2021\/04\/logo-lmm.png","width":3240,"height":2018,"caption":"La Mari\u00e9e Maline : d\u00e9p\u00f4t, vente de robes de mari\u00e9es - Seconde main, destockage"},"image":{"@id":"https:\/\/lamarieemaline.fr\/2021\/#\/schema\/logo\/image\/"},"sameAs":["https:\/\/www.facebook.com\/profile.php?id=100006076396098&locale=fr_FR","https:\/\/www.instagram.com\/lamarieemaline\/"]}]}},"jetpack_sharing_enabled":true,"_links":{"self":[{"href":"https:\/\/lamarieemaline.fr\/2021\/wp-json\/wp\/v2\/product\/248","targetHints":{"allow":["GET"]}}],"collection":[{"href":"https:\/\/lamarieemaline.fr\/2021\/wp-json\/wp\/v2\/product"}],"about":[{"href":"https:\/\/lamarieemaline.fr\/2021\/wp-json\/wp\/v2\/types\/product"}],"wp:featuredmedia":[{"embeddable":true,"href":"https:\/\/lamarieemaline.fr\/2021\/wp-json\/wp\/v2\/media\/705"}],"wp:attachment":[{"href":"https:\/\/lamarieemaline.fr\/2021\/wp-json\/wp\/v2\/media?parent=248"}],"wp:term":[{"taxonomy":"product_brand","embeddable":true,"href":"https:\/\/lamarieemaline.fr\/2021\/wp-json\/wp\/v2\/product_brand?post=248"},{"taxonomy":"product_cat","embeddable":true,"href":"https:\/\/lamarieemaline.fr\/2021\/wp-json\/wp\/v2\/product_cat?post=248"},{"taxonomy":"product_tag","embeddable":true,"href":"https:\/\/lamarieemaline.fr\/2021\/wp-json\/wp\/v2\/product_tag?post=248"}],"curies":[{"name":"wp","href":"https:\/\/api.w.org\/{rel}","templated":true}]}}